{"id":15661,"date":"2022-05-30T14:13:59","date_gmt":"2022-05-30T14:13:59","guid":{"rendered":"https:\/\/valleromanogolf.com\/19-politica-de-privacidad\/"},"modified":"2025-06-27T13:40:15","modified_gmt":"2025-06-27T13:40:15","slug":"19-politica-de-privacidad","status":"publish","type":"page","link":"https:\/\/valleromanogolf.com\/es\/19-politica-de-privacidad\/","title":{"rendered":"19. Pol\u00edtica de privacidad"},"content":{"rendered":"\n<div data-elementor-type=\"wp-page\" data-elementor-id=\"15661\" class=\"elementor elementor-15661 elementor-3\" data-elementor-post-type=\"page\">\n<div class=\"elementor-element elementor-element-76a4525f e-flex e-con-boxed e-con e-parent\" data-id=\"76a4525f\" data-element_type=\"container\" data-e-type=\"container\" data-settings=\"{&quot;ekit_has_onepagescroll_dot&quot;:&quot;yes&quot;}\">\n<div class=\"e-con-inner\">\n<div class=\"elementor-element elementor-element-2b65cdf2 elementor-widget elementor-widget-text-editor\" data-id=\"2b65cdf2\" data-element_type=\"widget\" data-e-type=\"widget\" data-settings=\"{&quot;ekit_we_effect_on&quot;:&quot;none&quot;}\" data-widget_type=\"text-editor.default\">\n<section id=\"legal\" class=\"page-section\" data-onepage-settings=\"{\">\n<div class=\"faqs\">\n<section id=\"legal\" class=\"page-section\" data-onepage-settings=\"{\">\n<div class=\"faqs\">\n<h3 id=\"faq-1\">Aviso legal<\/h3>\n<p>De acuerdo con el art\u00edculo 10 de la Ley 34\/2002, de 11 de junio, de Servicios de la Sociedad de la Informaci\u00f3n y Comercio Electr\u00f3nico (LSSICE), a continuaci\u00f3n, se detallar\u00e1n los datos identificativos de la entidad: <strong>Golf Valle Romano Golf &amp; Resort, S.L.U.<\/strong><\/p>\n<p>Nombre de la empresa: <b>Golf Valle Romano Golf &amp; Resort, S.L.U<\/b>.<br \/>NIF: B20994307<br \/>Direcci\u00f3n: Urb. Valle Romano, c\/ Villa Borghese, 1 &#8211; Casa Club &#8211; 29680 &#8211; ESTEPONA &#8211; M\u00c1LAGA<\/p>\n<p>Tel\u00e9fono: 952802554<\/p>\n<p>La recogida y tratamiento automatizado de tus datos personales tiene como finalidad gestionar tu consulta. Adem\u00e1s, nos gustar\u00eda mantenerte informado sobre nuestras promociones, torneos, etc.<\/p>\n<p>Usted tendr\u00e1 la posibilidad de ejercer los derechos de acceso, rectificaci\u00f3n, supresi\u00f3n u olvido, limitaci\u00f3n, oposici\u00f3n, portabilidad y a retirar el consentimiento prestado de sus datos de car\u00e1cter personal que obran en los ficheros de GOLF VALLE ROMANO GOLF &amp; RESORT, S.L.U., solicit\u00e1ndolo por correo electr\u00f3nico y dejando constancia de su env\u00edo y recepci\u00f3n LOPD@ VALLEROMANO.ES. VALLE ROMANO GOLF &amp; RESORT, S.L.U. mantiene los niveles de protecci\u00f3n de tus datos personales conforme al Reglamento General de Protecci\u00f3n de Datos, y a la Ley Org\u00e1nica 3\/2018, de 5 de diciembre, de Protecci\u00f3n de Datos Personales y garant\u00eda de los derechos digitales, estableciendo todos los medios t\u00e9cnicos a su alcance. alcance para evitar la p\u00e9rdida, mal uso, alteraci\u00f3n, acceso no autorizado y robo de los datos que facilites a GOLF VALLE ROMANO GOLF &amp; RESORT, S.L.U.<\/p>\n<p>GOLF VALLE ROMANO GOLF &amp; RESORT, S.L.U. Conozco se reserva la facultad de modificar el presente Aviso Legal para adaptarlo a las novedades legislativas, jurisprudenciales o de interpretaci\u00f3n de la Agencia Espa\u00f1ola de Protecci\u00f3n de Datos.<\/p>\n<div class=\"divider divider-right\">\u00a0<\/div>\n<h3 id=\"faq-2\">Finalidad del sitio web<\/h3>\n<p>El objetivo del sitio web es proporcionar informaci\u00f3n sobre el club de golf y los servicios que presta. A trav\u00e9s del sitio web, los clientes pueden reservar sus partidas en el club de golf.<\/p>\n<p>El presente aviso legal (en adelante, el \u00abAviso Legal\u00bb) regula el uso del sitio web: <strong>valleromanogolf.com<\/strong><\/p>\n<div class=\"divider divider-right\">\u00a0<\/div>\n<h3 id=\"faq-3\">Legislaci\u00f3n<\/h3>\n<p>Con car\u00e1cter general las relaciones entre <strong>Golf Valle Romano Golf &amp; Resort, S.L.U.<\/strong> con los Usuarios de sus servicios telem\u00e1ticos, presentes en este sitio web, se encuentran sometidas a la legislaci\u00f3n y jurisdicci\u00f3n espa\u00f1olas.<\/p>\n<div class=\"divider divider-right\">\u00a0<\/div>\n<h3 id=\"faq-4\">Uso y acceso de los usuarios<\/h3>\n<p>El Usuario queda informado, y acepta, que el acceso a la presente web no supone, en modo alguno, el inicio de una relaci\u00f3n comercial con <strong>Golf Valle Romano Golf &amp; Resort, S.L.U.<\/strong> o cualquiera de sus departamentos.<\/p>\n<div class=\"divider divider-right\">\u00a0<\/div>\n<h3 id=\"faq-5\">Propiedad intelectual e industrial<\/h3>\n<p>Los derechos de propiedad intelectual del contenido de las p\u00e1ginas web son titularidad de Golf<strong> Valle Romano Golf &amp; Resort, S.L.U<\/strong> <strong>.<\/strong> y, por tanto, no est\u00e1 permitida su reproducci\u00f3n, distribuci\u00f3n, comunicaci\u00f3n p\u00fablica, transformaci\u00f3n o cualquier otra actividad que se pueda realizar con los contenidos de sus p\u00e1ginas web ni a\u00fan citando las fuentes, salvo consentimiento por escrito de Golf<strong> Valle Romano Golf &amp; Resort, S.L.U..<\/strong><\/p>\n<p>Los derechos de propiedad intelectual del dise\u00f1o gr\u00e1fico y los c\u00f3digos son propiedad de su leg\u00edtimo titular.<\/p>\n<div class=\"divider divider-right\">\u00a0<\/div>\n<h3 id=\"faq-6\">Contenido del sitio web y enlaces<\/h3>\n<p><strong>Golf Valle Romano Golf &amp; Resort, S.L.U. <\/strong>se reserva el derecho a actualizar, modificar o eliminar la informaci\u00f3n contenida en sus p\u00e1ginas web pudiendo incluso limitar o no permitir el acceso a dicha informaci\u00f3n a ciertos usuarios.<\/p>\n<p>Golf<strong> Valle Romano Golf &amp; Resort, S.L.U.<\/strong> no asume responsabilidad alguna por la informaci\u00f3n contenida en p\u00e1ginas web de terceros a las que se pueda acceder por enlaces o buscadores desde cualquier p\u00e1gina web de Golf<strong> Valle Romano Golf &amp; Resort, S.L.U.<\/strong> con finalidad meramente informativa y en ning\u00fan caso supone sugerencia, invitaci\u00f3n o recomendaci\u00f3n sobre los mismos.<\/p>\n<div class=\"divider divider-right\">\u00a0<\/div>\n<h3 id=\"faq-7\">Pol\u00edtica de privacidad<\/h3>\n<p>Golf Valle Romano Golf &amp; Resort, S.L.U. ha adoptado las medidas t\u00e9cnicas y organizativas necesarias para adaptar su actividad al REGLAMENTO (UE) 2016\/679 DEL PARLAMENTO EUROPEO Y DEL CONSEJO de 27 de abril de 2016 relativo a la protecci\u00f3n de las personas f\u00edsicas en lo que respecta al tratamiento de datos personales y a la libre circulaci\u00f3n de estos datos y por el que se deroga la Directiva 95\/46\/CE, en adelante, Reglamento General de Protecci\u00f3n de Datos y a la Ley Org\u00e1nica 3\/2018, de 5 de diciembre, de Protecci\u00f3n de Datos Personales y garant\u00eda de los derechos digitales.<\/p>\n<p>Tus datos ser\u00e1n tratados en todo momento de acuerdo con la normativa sobre protecci\u00f3n de datos, garantizando la confidencialidad e integridad de la informaci\u00f3n.<\/p>\n<p>A continuaci\u00f3n se describen las distintas secciones en las que se recogen y tratan datos de car\u00e1cter personal, as\u00ed como las disposiciones en materia de protecci\u00f3n de datos adoptadas por Golf Valle Romano Golf &amp; Resort, S.L.U.<\/p>\n<div class=\"divider divider-right\">\u00a0<\/div>\n<h3 id=\"faq-8\">Reservas en l\u00ednea<\/h3>\n<p>En caso de que el Usuario realice una reserva online, le informamos que el proceso de reserva se formalizar\u00e1 entre el Usuario y el motor de reservas IMASTERGOLFBOOKING, y el Usuario se regir\u00e1 por las Condiciones de Uso de dicha empresa. Golf Valle Romano Golf &amp; Resort, S.L.U., \u00fanicamente recoger\u00e1 datos del Usuario para identificarle cuando visite nuestro campo de golf.<\/p>\n<div class=\"divider divider-right\">\u00a0<\/div>\n<h3 id=\"faq-9\">Formularios de contacto<\/h3>\n<p>Golf Valle Romano Golf &amp; Resort, S.L.U. tratar\u00e1 los datos personales que se recojan a trav\u00e9s de los formularios con la \u00fanica finalidad de poder ofrecer una respuesta a los interesados que hayan solicitado informaci\u00f3n.<\/p>\n<div class=\"divider divider-right\">\u00a0<\/div>\n<h3 id=\"faq-10\">Recogida de datos personales<\/h3>\n<p>GOLF VALLE ROMANO GOLF &amp; RESORT, S.L.U. no recaba voluntariamente datos de car\u00e1cter personal de los Usuarios de este Sitio Web. Los \u00fanicos datos que se solicitan a los Usuarios son aquellos que el usuario proporciona voluntariamente a trav\u00e9s de los distintos formularios del sitio web. En consecuencia, GOLF VALLE ROMANO GOLF &amp; RESORT, S.L.U. s\u00f3lo dispondr\u00e1 de los datos personales de aquellos Usuarios que voluntariamente quieran proporcion\u00e1rselos. S\u00f3lo en los casos en que el Usuario lo desee, y siempre de forma voluntaria, podr\u00e1 comunicar sus datos personales a GOLF VALLE ROMANO GOLF &amp; RESORT, S.L.U. Dichos datos facilitados voluntariamente por el Usuario podr\u00e1n ser incorporados a un fichero automatizado titularidad de GOLF VALLE ROMANO GOLF &amp; RESORT, S.L.U.. En consecuencia, el Usuario que voluntariamente facilite a GOLF VALLE ROMANO GOLF &amp; RESORT, S.L.U. sus datos de car\u00e1cter personal, acepta expresamente el tratamiento de los mismos, con la exclusiva finalidad de gestionar su consulta o tramitar su pedido, siendo tambi\u00e9n para la facturaci\u00f3n del mismo si se trata de GOLF VALLE ROMANO GOLF &amp; RESORT, S.L.U.<\/p>\n<p>En cualquier caso, los datos recogidos ser\u00e1n tratados siempre de conformidad con la normativa vigente en materia de protecci\u00f3n de datos de car\u00e1cter personal.<\/p>\n<div class=\"divider divider-right\">\u00a0<\/div>\n<h3 id=\"faq-11\">Medidas de seguridad<\/h3>\n<p>Los datos personales comunicados por el Usuario a GOLF VALLE ROMANO GOLF &amp; RESORT, S.L.U. pueden ser almacenados en bases de datos automatizadas o no, cuya titularidad corresponde en exclusiva a GOLF VALLE ROMANO GOLF &amp; RESORT, S.L.U. asumiendo \u00e9sta todas las medidas de \u00edndole t\u00e9cnica, organizativa y de seguridad que garantizan la confidencialidad, integridad y calidad de la informaci\u00f3n contenida en las mismas de acuerdo con lo establecido en la normativa de Protecci\u00f3n de Datos vigente.<\/p>\n<div class=\"divider divider-right\">\u00a0<\/div>\n<h3 id=\"faq-12\">Cesi\u00f3n de datos<\/h3>\n<p>Los datos personales recogidos a trav\u00e9s de este Sitio Web no ser\u00e1n cedidos a ning\u00fan otro sujeto o empresa, salvo a los sujetos y en los casos concretos en que dicha cesi\u00f3n est\u00e9 amparada por la normativa vigente de Protecci\u00f3n de Datos.<\/p>\n<p>El Usuario que voluntariamente comunique sus datos a GOLF VALLE ROMANO GOLF &amp; RESORT, S.L.U. a trav\u00e9s de este Sitio Web, consiente expresamente la utilizaci\u00f3n de dichos datos personales para el env\u00edo de informaci\u00f3n comercial por v\u00eda electr\u00f3nica sobre los servicios comercializados por GOLF VALLE ROMANO GOLF &amp; RESORT, S.L.U. en estricto cumplimiento de lo establecido en la normativa vigente en materia de Protecci\u00f3n de Datos, en lo que a comunicaciones comerciales se refiere, salvo que manifieste su oposici\u00f3n.<\/p>\n<p>GOLF VALLE ROMANO GOLF &amp; RESORT, S.L.U. se compromete a mantener en todo momento, los datos personales que voluntariamente le hayan facilitado los usuarios de este Sitio Web, actualizados, de forma que respondan verazmente a la identidad y caracter\u00edsticas personales de dichos usuarios. Por ello, cualquier Usuario puede en cualquier momento ejercer el derecho a acceder, rectificar y, en su caso, cancelar sus datos de car\u00e1cter personal suministrados a GOLF VALLE ROMANO GOLF &amp; RESORT, S.L.U. mediante comunicaci\u00f3n escrita dirigida a GOLF VALLE ROMANO GOLF &amp; RESORT, S.L.U. por correo postal a la direcci\u00f3n arriba indicada o por correo electr\u00f3nico a LOPD@VALLEROMANO.ES.<\/p>\n<\/div>\n<\/section>\n<section id=\"privacidad\" class=\"page-section\" data-onepage-settings=\"{\">\n<div class=\"faqs\">\n<div id=\"privacidad-list\" class=\"fancy-title title-bottom-border\">\n<h3>Pol\u00edtica de privacidad<\/h3>\n<\/div>\n<ul class=\"iconlist faqlist\">\n<li><i class=\"icon-caret-right\"><\/i><strong>Pol\u00edtica de privacidad<\/strong><\/li>\n<li><i class=\"icon-caret-right\"><\/i><strong>Reservas en l\u00ednea<\/strong><\/li>\n<li><i class=\"icon-caret-right\"><\/i><strong>Formulario de contacto<\/strong><\/li>\n<\/ul>\n<div class=\"divider divider-right\">\u00a0<\/div>\n<h3 id=\"privacidad-1\">Pol\u00edtica de privacidad<\/h3>\n<p><strong>Golf Valle Romano Golf &amp; Resort, S.L.U. <\/strong>ha adoptado medidas de \u00edndole t\u00e9cnica y organizativa para que su actividad cumpla con la Ley de Protecci\u00f3n de Datos de Car\u00e1cter Personal.<\/p>\n<p>Tus datos ser\u00e1n tratados en todo momento conforme a la normativa en materia de protecci\u00f3n de datos, garantizando la confidencialidad e integridad de la informaci\u00f3n.<\/p>\n<p>A continuaci\u00f3n se describen todos los apartados donde se recogen y tratan los datos de informaci\u00f3n personal, y se indican las disposiciones en materia de protecci\u00f3n de datos adoptadas por <strong>Golf Valle Romano Golf &amp; Resort, S.L.U.<\/strong><\/p>\n<div class=\"divider divider-right\">\u00a0<\/div>\n<h3 id=\"privacidad-2\">Reservas en l\u00ednea<\/h3>\n<p>En caso de que el Usuario realice una reserva online, le informaremos que el proceso de reserva se formaliza entre el Usuario y la herramienta de motor de reservas IMASTERGOLFBOOKING, y el Usuario se someter\u00e1 a las Condiciones de Uso de esta empresa. Con <strong>Golf Valle Romano Golf &amp; Resort, S.L.U.<\/strong>, los datos del Usuario s\u00f3lo ser\u00e1n utilizados con la finalidad de identificar al Usuario cuando acuda al club de golf.<\/p>\n<div class=\"divider divider-right\">\u00a0<\/div>\n<h3 id=\"privacidad-3\">Formulario de contacto<\/h3>\n<p><strong>Golf Valle Romano Golf &amp; Resort, S.L.U. <\/strong>tratar\u00e1 los datos de car\u00e1cter personal recabados a trav\u00e9s de los formularios, con la \u00fanica finalidad de dar respuesta a los interesados que hayan solicitado informaci\u00f3n.<\/p>\n<\/div>\n<\/section>\n<section id=\"cookies\" class=\"page-section\" data-onepage-settings=\"{\">\n<div class=\"faqs\">\n<div id=\"cookies-list\" class=\"fancy-title title-bottom-border\">\n<h3>Pol\u00edtica de cookies<\/h3>\n<\/div>\n<ul class=\"iconlist faqlist\">\n<li><i class=\"icon-caret-right\"><\/i><strong>Pol\u00edtica de cookies<\/strong><\/li>\n<li><i class=\"icon-caret-right\"><\/i><strong>Almacenamiento<\/strong><\/li>\n<li><i class=\"icon-caret-right\"><\/i><strong>Tipos de cookies<\/strong><\/li>\n<li><i class=\"icon-caret-right\"><\/i><strong>Configuraci\u00f3n de la cejilla<\/strong><\/li>\n<\/ul>\n<div class=\"divider divider-right\">\u00a0<\/div>\n<h3 id=\"cookies-1\">Pol\u00edtica de cookies<\/h3>\n<p><strong>Golf Valle Romano Golf &amp; Resort, S.L.U. <\/strong>a trav\u00e9s del presente documento, ostenta la Pol\u00edtica de recogida y tratamiento de cookies, en cumplimiento del art\u00edculo 22.2 de la Ley 34\/2002, de<sup>11 de<\/sup> julio, de Servicios de la Sociedad de la Informaci\u00f3n y de Comercio Electr\u00f3nico (en adelante LSSICE).<\/p>\n<div class=\"divider divider-right\">\u00a0<\/div>\n<h3 id=\"cookies-2\">Almacenamiento<\/h3>\n<p>Las cookies se almacenar\u00e1n en el equipo del usuario (ordenador o dispositivo m\u00f3vil) y recoger\u00e1n la informaci\u00f3n durante la visita a la web valleromano.net, con el fin de mejorar la configuraci\u00f3n amigable, conocer los h\u00e1bitos o necesidades de navegaci\u00f3n de los usuarios para adaptarse a ellos, as\u00ed como obtener informaci\u00f3n con fines estad\u00edsticos. En el caso de aquellos usuarios, ya clientes de la entidad, la informaci\u00f3n recogida a trav\u00e9s de las cookies se utilizar\u00e1 tambi\u00e9n para la autenticaci\u00f3n al acceder a las diferentes herramientas de la entidad, para la gesti\u00f3n del servicio.<\/p>\n<p>La presente Pol\u00edtica de Cookies ser\u00e1 de aplicaci\u00f3n a aquellos usuarios que voluntariamente visiten las p\u00e1ginas web de la entidad, cumpliendo con el formulario de recogida de datos, accedan a las herramientas de la entidad, puestas a disposici\u00f3n de los clientes para la gesti\u00f3n de servicios, o utilicen cualquier otro servicio presente en el sitio web, que pueda implicar la comunicaci\u00f3n de informaci\u00f3n a la entidad, o el acceso a informaci\u00f3n por parte de la entidad, para la prestaci\u00f3n de servicios.<\/p>\n<p>La entidad informa a los usuarios de sus p\u00e1ginas web, de la existencia de cookies y pone a su disposici\u00f3n la presente Pol\u00edtica con la finalidad de informarles respecto al uso y objeto de las cookies. Continuar navegando por las p\u00e1ginas supone el consentimiento y aceptaci\u00f3n de la presente Pol\u00edtica por parte de los usuarios.<\/p>\n<div class=\"divider divider-right\">\u00a0<\/div>\n<h3 id=\"cookies-3\">Tipos de cookies<\/h3>\n<p><strong>Golf Valle Romano Golf &amp; Resort, S.L.U.<\/strong> utiliza los siguientes tipos de cookies:<\/p>\n<p>Clasificados por t\u00edtulo:<\/p>\n<p>* Cookies propias: enviadas y gestionadas directamente por la entidad.<\/p>\n<p>* Cookies de terceros: enviadas y gestionadas por un tercero, ajeno a la entidad, de forma an\u00f3nima, con la finalidad de realizar estudios estad\u00edsticos de navegaci\u00f3n en las p\u00e1ginas web de la entidad.<\/p>\n<p>Clasificados por su finalidad:<\/p>\n<p>* Cookies t\u00e9cnicas y\/o personalizadas: facilitan la navegaci\u00f3n, identifican la sesi\u00f3n, permiten el acceso a las herramientas de acceso prohibido, tambi\u00e9n se configuran para medir las opciones disponibles. Permiten prestar el servicio solicitado previamente por el usuario<\/p>\n<p>* Cookies de an\u00e1lisis y\/o publicidad que permiten conocer el n\u00famero de visitas recibidas en las diferentes secciones de la p\u00e1gina web, los h\u00e1bitos y tendencias de los usuarios y, en consecuencia, mejorar la navegaci\u00f3n y el servicio ofrecido por la entidad (principalmente, Google Analytics), as\u00ed como gestionar los espacios publicitarios incluidos en la p\u00e1gina web visitada por el usuario. Recoge la informaci\u00f3n de forma an\u00f3nima con la finalidad de obtener perfiles de navegaci\u00f3n de los usuarios.<\/p>\n<p>Clasificados por su duraci\u00f3n:<\/p>\n<p>* Cookies de sesi\u00f3n: recogen y almacenan la informaci\u00f3n mientras el usuario accede a la p\u00e1gina web.<\/p>\n<p>* Cookies Persistentes: recogen y almacenan la informaci\u00f3n en el terminal del usuario durante un periodo variable, en funci\u00f3n de la finalidad para la que fueron utilizadas.<\/p>\n<p>El tiempo de conservaci\u00f3n de las cookies depende del tipo y siempre ser\u00e1 el m\u00ednimo necesario para completar su finalidad.<\/p>\n<div class=\"divider divider-right\">\u00a0<\/div>\n<h3 id=\"cookies-4\">Configuraci\u00f3n de la cejilla<\/h3>\n<p>En cualquier caso, los usuarios pueden configurar el Brower, para que las cookies sean deshabilitadas o bloqueadas en su recepci\u00f3n, para todas o algunas de las cookies. No querer recibir estas cookies, no es un impedimento para acceder a la informaci\u00f3n de los sitios web de la entidad, aunque el uso de algunos servicios podr\u00eda verse restringido. Si, una vez otorgado el consentimiento para la recepci\u00f3n de cookies, desean eliminarlo, deber\u00e1n eliminar las almacenadas en el dispositivo del usuario, a trav\u00e9s de las opciones de los distintos navegadores.<\/p>\n<p>La forma de configurar los distintos navegadores para que tengan acceso a las acciones mencionadas en los p\u00e1rrafos anteriores, se puede ver en:<\/p>\n<ul>\n<li>Navegador Google Chrome<\/li>\n<li>Navegador Internet Explorer<\/li>\n<li>Navegador Mozilla Firefox<\/li>\n<li>Navegador Safari<\/li>\n<\/ul>\n<\/div>\n<\/section>\n<section id=\"consentimiento\" class=\"page-section\" data-onepage-settings=\"{\">\n<div class=\"faqs\">\n<div id=\"cookies-list\" class=\"fancy-title title-bottom-border\">\u00a0<\/div>\n<h3 id=\"consentimiento-2\">Informaci\u00f3n de identificaci\u00f3n<\/h3>\n<p><strong>Golf Valle Romano Golf &amp; Resort, S.L.U.<\/strong>,<br \/>B20994307,<br \/>Urb. Valle Romano, c\/ Villa Borghese, 1 &#8211; 29680 &#8211; ESTEPONA &#8211; M\u00c1LAGA, 952802554<\/p>\n<\/div>\n<\/section>\n<\/div>\n<\/section><\/div>\n<\/p><\/div>\n<\/p><\/div>\n<\/p><\/div>\n","protected":false},"excerpt":{"rendered":"<p>Aviso legal De acuerdo con el art\u00edculo 10 de la Ley 34\/2002, de 11 de junio, de Servicios de la Sociedad de la Informaci\u00f3n y Comercio Electr\u00f3nico (LSSICE), a continuaci\u00f3n, se detallar\u00e1n los datos identificativos de la entidad: Golf Valle Romano Golf &amp; Resort, S.L.U. Nombre de la empresa: Golf Valle Romano Golf &amp; Resort, [&hellip;]<\/p>\n","protected":false},"author":1,"featured_media":0,"parent":0,"menu_order":0,"comment_status":"closed","ping_status":"closed","template":"","meta":{"footnotes":""},"class_list":["post-15661","page","type-page","status-publish","hentry"],"_links":{"self":[{"href":"https:\/\/valleromanogolf.com\/es\/wp-json\/wp\/v2\/pages\/15661","targetHints":{"allow":["GET"]}}],"collection":[{"href":"https:\/\/valleromanogolf.com\/es\/wp-json\/wp\/v2\/pages"}],"about":[{"href":"https:\/\/valleromanogolf.com\/es\/wp-json\/wp\/v2\/types\/page"}],"author":[{"embeddable":true,"href":"https:\/\/valleromanogolf.com\/es\/wp-json\/wp\/v2\/users\/1"}],"replies":[{"embeddable":true,"href":"https:\/\/valleromanogolf.com\/es\/wp-json\/wp\/v2\/comments?post=15661"}],"version-history":[{"count":74,"href":"https:\/\/valleromanogolf.com\/es\/wp-json\/wp\/v2\/pages\/15661\/revisions"}],"predecessor-version":[{"id":16755,"href":"https:\/\/valleromanogolf.com\/es\/wp-json\/wp\/v2\/pages\/15661\/revisions\/16755"}],"wp:attachment":[{"href":"https:\/\/valleromanogolf.com\/es\/wp-json\/wp\/v2\/media?parent=15661"}],"curies":[{"name":"wp","href":"https:\/\/api.w.org\/{rel}","templated":true}]}}