{"id":15608,"date":"2023-07-26T12:27:40","date_gmt":"2023-07-26T12:27:40","guid":{"rendered":"https:\/\/valleromanogolf.com\/6-trabaja-con-nosotros-el-mejor-lugar\/"},"modified":"2025-04-07T09:24:55","modified_gmt":"2025-04-07T09:24:55","slug":"6-trabaja-con-nosotros-el-mejor-lugar","status":"publish","type":"page","link":"https:\/\/valleromanogolf.com\/es\/6-trabaja-con-nosotros-el-mejor-lugar\/","title":{"rendered":"6. Trabaja con nosotros &#8211; El mejor lugar"},"content":{"rendered":"\n<div data-elementor-type=\"wp-page\" data-elementor-id=\"15608\" class=\"elementor elementor-15608 elementor-11688\" data-elementor-post-type=\"page\">\n<section class=\"elementor-section elementor-top-section elementor-element elementor-element-5711b73c elementor-section-full_width elementor-section-height-default elementor-section-height-default\" data-id=\"5711b73c\" data-element_type=\"section\" data-e-type=\"section\" data-settings=\"{&quot;ekit_has_onepagescroll_dot&quot;:&quot;yes&quot;}\">\n<div class=\"elementor-container elementor-column-gap-no\">\n<div class=\"elementor-column elementor-col-100 elementor-top-column elementor-element elementor-element-445a5035\" data-id=\"445a5035\" data-element_type=\"column\" data-e-type=\"column\">\n<div class=\"elementor-widget-wrap elementor-element-populated\">\n<section class=\"elementor-section elementor-inner-section elementor-element elementor-element-1dfaa449 elementor-section-full_width elementor-reverse-mobile elementor-section-height-default elementor-section-height-default\" data-id=\"1dfaa449\" data-element_type=\"section\" data-e-type=\"section\" data-settings=\"{&quot;ekit_has_onepagescroll_dot&quot;:&quot;yes&quot;}\">\n<div class=\"elementor-container elementor-column-gap-no\">\n<div class=\"elementor-column elementor-col-100 elementor-inner-column elementor-element elementor-element-7cff0da8\" data-id=\"7cff0da8\" data-element_type=\"column\" data-e-type=\"column\">\n<div class=\"elementor-widget-wrap elementor-element-populated\">\n<div class=\"elementor-element elementor-element-37c56f38 elementor-widget elementor-widget-image\" data-id=\"37c56f38\" data-element_type=\"widget\" data-e-type=\"widget\" data-settings=\"{&quot;ekit_we_effect_on&quot;:&quot;none&quot;}\" data-widget_type=\"image.default\">\n\t\t\t\t\t\t\t\t\t\t\t\t\t\t\t<img fetchpriority=\"high\" decoding=\"async\" width=\"1024\" height=\"683\" src=\"https:\/\/valleromanogolf.com\/wp-content\/uploads\/2022\/07\/Valle-Romano-Golf-Resort-Estepona-Costa-del-Sol-71-1-1024x683.jpg\" class=\"attachment-large size-large wp-image-1743\" alt=\"work with us\" srcset=\"https:\/\/valleromanogolf.com\/wp-content\/uploads\/2022\/07\/Valle-Romano-Golf-Resort-Estepona-Costa-del-Sol-71-1-1024x683.jpg 1024w, https:\/\/valleromanogolf.com\/wp-content\/uploads\/2022\/07\/Valle-Romano-Golf-Resort-Estepona-Costa-del-Sol-71-1-300x200.jpg 300w, https:\/\/valleromanogolf.com\/wp-content\/uploads\/2022\/07\/Valle-Romano-Golf-Resort-Estepona-Costa-del-Sol-71-1-768x512.jpg 768w, https:\/\/valleromanogolf.com\/wp-content\/uploads\/2022\/07\/Valle-Romano-Golf-Resort-Estepona-Costa-del-Sol-71-1-1536x1024.jpg 1536w, https:\/\/valleromanogolf.com\/wp-content\/uploads\/2022\/07\/Valle-Romano-Golf-Resort-Estepona-Costa-del-Sol-71-1.jpg 2048w\" sizes=\"(max-width: 1024px) 100vw, 1024px\" \/>\t\t\t\t\t\t\t\t\t\t\t\t\t\t\t<\/div>\n<\/p><\/div>\n<\/p><\/div>\n<\/p><\/div>\n<\/section><\/div>\n<\/p><\/div>\n<\/p><\/div>\n<\/section>\n<section class=\"elementor-section elementor-top-section elementor-element elementor-element-5820b7d7 elementor-section-full_width elementor-reverse-mobile elementor-section-content-middle elementor-section-height-default elementor-section-height-default\" data-id=\"5820b7d7\" data-element_type=\"section\" data-e-type=\"section\" id=\"Contacto\" data-settings=\"{&quot;ekit_has_onepagescroll_dot&quot;:&quot;yes&quot;}\">\n<div class=\"elementor-container elementor-column-gap-no\">\n<div class=\"elementor-column elementor-col-50 elementor-top-column elementor-element elementor-element-303e2a6c\" data-id=\"303e2a6c\" data-element_type=\"column\" data-e-type=\"column\" data-settings=\"{&quot;background_background&quot;:&quot;classic&quot;}\">\n<div class=\"elementor-widget-wrap elementor-element-populated\">\n<div class=\"elementor-element elementor-element-52f86f25 elementor-widget elementor-widget-google_maps\" data-id=\"52f86f25\" data-element_type=\"widget\" data-e-type=\"widget\" data-settings=\"{&quot;ekit_we_effect_on&quot;:&quot;none&quot;}\" data-widget_type=\"google_maps.default\">\n<div class=\"elementor-custom-embed\">\n\t\t\t<iframe loading=\"lazy\"\n\t\t\t\t\tsrc=\"https:\/\/maps.google.com\/maps?q=C%2F%20Villa%20Borghese%20n%C2%BA%201%2029680%20Estepona&#038;t=m&#038;z=17&#038;output=embed&#038;iwloc=near\"\n\t\t\t\t\ttitle=\"C\/ Villa Borghese n\u00ba 1 29680 Estepona\"\n\t\t\t\t\taria-label=\"C\/ Villa Borghese n\u00ba 1 29680 Estepona\"\n\t\t\t><\/iframe>\n\t\t<\/div>\n<\/p><\/div>\n<\/p><\/div>\n<\/p><\/div>\n<div class=\"elementor-column elementor-col-50 elementor-top-column elementor-element elementor-element-504bd55c\" data-id=\"504bd55c\" data-element_type=\"column\" data-e-type=\"column\">\n<div class=\"elementor-widget-wrap elementor-element-populated\">\n<div class=\"elementor-element elementor-element-6e08df08 elementor-widget elementor-widget-heading\" data-id=\"6e08df08\" data-element_type=\"widget\" data-e-type=\"widget\" data-settings=\"{&quot;ekit_we_effect_on&quot;:&quot;none&quot;}\" data-widget_type=\"heading.default\">\n<h2 class=\"elementor-heading-title elementor-size-default\">Trabaja con nosotros<\/h2>\n<\/p><\/div>\n<div class=\"elementor-element elementor-element-beac332 elementor-button-align-stretch elementor-widget elementor-widget-form\" data-id=\"beac332\" data-element_type=\"widget\" data-e-type=\"widget\" data-settings=\"{&quot;step_next_label&quot;:&quot;Siguiente&quot;,&quot;step_previous_label&quot;:&quot;Anterior&quot;,&quot;button_width&quot;:&quot;100&quot;,&quot;step_type&quot;:&quot;number_text&quot;,&quot;step_icon_shape&quot;:&quot;circle&quot;,&quot;ekit_we_effect_on&quot;:&quot;none&quot;}\" data-widget_type=\"form.default\">\n<form class=\"elementor-form\" method=\"post\" name=\"Nuevo Formulario\" aria-label=\"Nuevo Formulario\">\n\t\t\t<input type=\"hidden\" name=\"post_id\" value=\"15608\"\/><br \/>\n\t\t\t<input type=\"hidden\" name=\"form_id\" value=\"beac332\"\/><br \/>\n\t\t\t<input type=\"hidden\" name=\"referer_title\" value=\"6. Trabaja con nosotros &#8211; El mejor lugar\" \/><\/p>\n<p>\t\t\t\t\t\t\t<input type=\"hidden\" name=\"queried_id\" value=\"15608\"\/><\/p>\n<div class=\"elementor-form-fields-wrapper elementor-labels-above\">\n<div class=\"elementor-field-type-text elementor-field-group elementor-column elementor-field-group-name elementor-col-100 elementor-field-required elementor-mark-required\">\n\t\t\t\t\t\t\t\t\t\t\t\t<label for=\"form-field-name\" class=\"elementor-field-label\"><br \/>\n\t\t\t\t\t\t\t\tNombre y apellidos\t\t\t\t\t\t\t<\/label><br \/>\n\t\t\t\t\t\t\t\t\t\t\t\t\t\t<input size=\"1\" type=\"text\" name=\"form_fields[name]\" id=\"form-field-name\" class=\"elementor-field elementor-size-sm  elementor-field-textual\" placeholder=\"Nombre y apellidos\" required=\"required\">\n\t\t\t\t\t\t\t\t\t\t\t<\/div>\n<div class=\"elementor-field-type-text elementor-field-group elementor-column elementor-field-group-field_6e4a05b elementor-col-100 elementor-field-required elementor-mark-required\">\n\t\t\t\t\t\t\t\t\t\t\t\t<label for=\"form-field-field_6e4a05b\" class=\"elementor-field-label\"><br \/>\n\t\t\t\t\t\t\t\tTel\u00e9fono\t\t\t\t\t\t\t<\/label><br \/>\n\t\t\t\t\t\t\t\t\t\t\t\t\t\t<input size=\"1\" type=\"text\" name=\"form_fields[field_6e4a05b]\" id=\"form-field-field_6e4a05b\" class=\"elementor-field elementor-size-sm  elementor-field-textual\" placeholder=\"Tel\u00e9fono\" required=\"required\">\n\t\t\t\t\t\t\t\t\t\t\t<\/div>\n<div class=\"elementor-field-type-email elementor-field-group elementor-column elementor-field-group-field_fad217a elementor-col-100 elementor-field-required elementor-mark-required\">\n\t\t\t\t\t\t\t\t\t\t\t\t<label for=\"form-field-field_fad217a\" class=\"elementor-field-label\"><br \/>\n\t\t\t\t\t\t\t\tEmail\t\t\t\t\t\t\t<\/label><br \/>\n\t\t\t\t\t\t\t\t\t\t\t\t\t\t<input size=\"1\" type=\"email\" name=\"form_fields[field_fad217a]\" id=\"form-field-field_fad217a\" class=\"elementor-field elementor-size-sm  elementor-field-textual\" placeholder=\"Email\" required=\"required\">\n\t\t\t\t\t\t\t\t\t\t\t<\/div>\n<div class=\"elementor-field-type-select elementor-field-group elementor-column elementor-field-group-field_19c04c1 elementor-col-100 elementor-field-required elementor-mark-required\">\n\t\t\t\t\t\t\t\t\t\t\t\t<label for=\"form-field-field_19c04c1\" class=\"elementor-field-label\"><br \/>\n\t\t\t\t\t\t\t\tAsunto\t\t\t\t\t\t\t<\/label><\/p>\n<div class=\"elementor-field elementor-select-wrapper remove-before \">\n<div class=\"select-caret-down-wrapper\">\n\t\t\t\t<svg aria-hidden=\"true\" class=\"e-font-icon-svg e-eicon-caret-down\" viewBox=\"0 0 571.4 571.4\" xmlns=\"http:\/\/www.w3.org\/2000\/svg\"><path d=\"M571 393Q571 407 561 418L311 668Q300 679 286 679T261 668L11 418Q0 407 0 393T11 368 36 357H536Q550 357 561 368T571 393Z\"><\/path><\/svg>\t\t\t<\/div>\n<p>\t\t\t<select name=\"form_fields[field_19c04c1]\" id=\"form-field-field_19c04c1\" class=\"elementor-field-textual elementor-size-sm\" required=\"required\"><option value=\"Trabaja con nosotros\">Trabaja con nosotros<\/option><\/select>\n\t\t<\/div>\n<\/p><\/div>\n<div class=\"elementor-field-type-textarea elementor-field-group elementor-column elementor-field-group-message elementor-col-100 elementor-field-required elementor-mark-required\">\n\t\t\t\t\t\t\t\t\t\t\t\t<label for=\"form-field-message\" class=\"elementor-field-label\"><br \/>\n\t\t\t\t\t\t\t\tMensaje\t\t\t\t\t\t\t<\/label><br \/>\n\t\t\t\t\t\t<textarea class=\"elementor-field-textual elementor-field  elementor-size-sm\" name=\"form_fields[message]\" id=\"form-field-message\" rows=\"4\" placeholder=\"Mensaje\" required=\"required\"><\/textarea>\t\t\t\t<\/div>\n<div class=\"elementor-field-type-upload elementor-field-group elementor-column elementor-field-group-field_cf2a2ec elementor-col-100 elementor-field-required elementor-mark-required\">\n\t\t\t\t\t\t\t\t\t\t\t\t<label for=\"form-field-field_cf2a2ec\" class=\"elementor-field-label\"><br \/>\n\t\t\t\t\t\t\t\tSube tu CV\t\t\t\t\t\t\t<\/label><br \/>\n\t\t\t\t\t\t\t\t<input type=\"file\" name=\"form_fields[field_cf2a2ec]\" id=\"form-field-field_cf2a2ec\" class=\"elementor-field elementor-size-sm  elementor-upload-field\" required=\"required\" data-maxsize=\"10\" data-maxsize-message=\"Este archivo excede el tama\u00f1o m\u00e1ximo permitido.\"><\/p><\/div>\n<div class=\"elementor-field-type-acceptance elementor-field-group elementor-column elementor-field-group-field_9438de9 elementor-col-100 elementor-field-required elementor-mark-required\">\n<div class=\"elementor-field-subgroup\">\n\t\t\t<span class=\"elementor-field-option\"><br \/>\n\t\t\t\t<input type=\"checkbox\" name=\"form_fields[field_9438de9]\" id=\"form-field-field_9438de9\" class=\"elementor-field elementor-size-sm  elementor-acceptance-field\" required=\"required\" checked=\"checked\"><br \/>\n\t\t\t\t<label for=\"form-field-field_9438de9\">Al marcar esta casilla, das tu consentimiento al tratamiento de tus datos para los fines descritos en la <a href=\"https:\/\/valleromanogolf.com\/privacy-policy\/\" target=\"_blank\" rel=\"noopener\">Pol\u00edtica de privacidad<\/a>.<\/label>\t\t\t<\/span>\n\t\t<\/div>\n<\/p><\/div>\n<div class=\"elementor-field-type-acceptance elementor-field-group elementor-column elementor-field-group-field_2b6c91e elementor-col-100 elementor-field-required elementor-mark-required\">\n<div class=\"elementor-field-subgroup\">\n\t\t\t<span class=\"elementor-field-option\"><br \/>\n\t\t\t\t<input type=\"checkbox\" name=\"form_fields[field_2b6c91e]\" id=\"form-field-field_2b6c91e\" class=\"elementor-field elementor-size-sm  elementor-acceptance-field\" required=\"required\" checked=\"checked\"><br \/>\n\t\t\t\t<label for=\"form-field-field_2b6c91e\">Usted acepta, al marcar esta casilla, recibir comunicaciones comerciales y de cortes\u00eda relacionadas con nuestra entidad por tel\u00e9fono, correo ordinario, fax, correo electr\u00f3nico o medios de comunicaci\u00f3n electr\u00f3nica equivalentes.<\/label>\t\t\t<\/span>\n\t\t<\/div>\n<\/p><\/div>\n<div class=\"elementor-field-type-recaptcha_v3 elementor-field-group elementor-column elementor-field-group-field_b14c438 elementor-col-100 recaptcha_v3-bottomright\">\n<div class=\"elementor-field\" id=\"form-field-field_b14c438\">\n<div class=\"elementor-g-recaptcha\" data-sitekey=\"6LeiCEEqAAAAAHZ-S2tPdMUnEW16PeoutV_b23bj\" data-type=\"v3\" data-action=\"Form\" data-badge=\"bottomright\" data-size=\"invisible\"><\/div>\n<\/div><\/div>\n<div class=\"elementor-field-group elementor-column elementor-field-type-submit elementor-col-100 e-form__buttons\">\n\t\t\t\t\t<button class=\"elementor-button elementor-size-sm\" type=\"submit\"><br \/>\n\t\t\t\t\t\t<span class=\"elementor-button-content-wrapper\"><br \/>\n\t\t\t\t\t\t\t\t\t\t\t\t\t\t\t\t\t\t\t\t\t\t<span class=\"elementor-button-text\">Enviar<\/span><br \/>\n\t\t\t\t\t\t\t\t\t\t\t\t\t<\/span><br \/>\n\t\t\t\t\t<\/button>\n\t\t\t\t<\/div>\n<\/p><\/div>\n<\/p><\/form>\n<\/p><\/div>\n<\/p><\/div>\n<\/p><\/div>\n<\/p><\/div>\n<\/section>\n<div class=\"elementor-element elementor-element-9db42b6 e-flex e-con-boxed e-con e-parent\" data-id=\"9db42b6\" data-element_type=\"container\" data-e-type=\"container\" data-settings=\"{&quot;ekit_has_onepagescroll_dot&quot;:&quot;yes&quot;}\">\n<div class=\"e-con-inner\">\n<div class=\"elementor-element elementor-element-fd8d900 elementor-widget elementor-widget-heading\" data-id=\"fd8d900\" data-element_type=\"widget\" data-e-type=\"widget\" data-settings=\"{&quot;ekit_we_effect_on&quot;:&quot;none&quot;}\" data-widget_type=\"heading.default\">\n<h2 class=\"elementor-heading-title elementor-size-default\">\u00a1\u00danete a Nuestro Equipo en Valle Romano Golf &amp; Resort!<\/h2>\n<\/p><\/div>\n<div class=\"elementor-element elementor-element-b583b59 elementor-widget elementor-widget-text-editor\" data-id=\"b583b59\" data-element_type=\"widget\" data-e-type=\"widget\" data-settings=\"{&quot;ekit_we_effect_on&quot;:&quot;none&quot;}\" data-widget_type=\"text-editor.default\">\n<p>Siempre buscamos personas apasionadas y con talento, deseosas de contribuir a nuestro \u00e9xito. En <a href=\"https:\/\/valleromano.es\" target=\"_blank\" rel=\"noopener\">Valle Romano<\/a>, encontrar\u00e1s un entorno de trabajo din\u00e1mico donde se recompensa la innovaci\u00f3n y el compromiso. <\/p>\n<\/p><\/div>\n<\/p><\/div>\n<\/p><\/div>\n<\/p><\/div>\n","protected":false},"excerpt":{"rendered":"<p>Trabaja con nosotros \u00a1\u00danete a Nuestro Equipo en Valle Romano Golf &amp; Resort! Siempre buscamos personas apasionadas y con talento, deseosas de contribuir a nuestro \u00e9xito. En Valle Romano, encontrar\u00e1s un entorno de trabajo din\u00e1mico donde se recompensa la innovaci\u00f3n y el compromiso.<\/p>\n","protected":false},"author":1,"featured_media":10650,"parent":0,"menu_order":0,"comment_status":"closed","ping_status":"closed","template":"elementor_header_footer","meta":{"footnotes":""},"class_list":["post-15608","page","type-page","status-publish","has-post-thumbnail","hentry"],"_links":{"self":[{"href":"https:\/\/valleromanogolf.com\/es\/wp-json\/wp\/v2\/pages\/15608","targetHints":{"allow":["GET"]}}],"collection":[{"href":"https:\/\/valleromanogolf.com\/es\/wp-json\/wp\/v2\/pages"}],"about":[{"href":"https:\/\/valleromanogolf.com\/es\/wp-json\/wp\/v2\/types\/page"}],"author":[{"embeddable":true,"href":"https:\/\/valleromanogolf.com\/es\/wp-json\/wp\/v2\/users\/1"}],"replies":[{"embeddable":true,"href":"https:\/\/valleromanogolf.com\/es\/wp-json\/wp\/v2\/comments?post=15608"}],"version-history":[{"count":8,"href":"https:\/\/valleromanogolf.com\/es\/wp-json\/wp\/v2\/pages\/15608\/revisions"}],"predecessor-version":[{"id":16246,"href":"https:\/\/valleromanogolf.com\/es\/wp-json\/wp\/v2\/pages\/15608\/revisions\/16246"}],"wp:featuredmedia":[{"embeddable":true,"href":"https:\/\/valleromanogolf.com\/es\/wp-json\/wp\/v2\/media\/10650"}],"wp:attachment":[{"href":"https:\/\/valleromanogolf.com\/es\/wp-json\/wp\/v2\/media?parent=15608"}],"curies":[{"name":"wp","href":"https:\/\/api.w.org\/{rel}","templated":true}]}}