{"id":14697,"date":"2022-07-18T15:37:23","date_gmt":"2022-07-18T15:37:23","guid":{"rendered":"https:\/\/valleromanogolf.com\/8-costa-del-sol-el-mejor-lugar\/"},"modified":"2025-04-21T08:58:41","modified_gmt":"2025-04-21T08:58:41","slug":"8-costa-del-sol-el-mejor-lugar","status":"publish","type":"page","link":"https:\/\/valleromanogolf.com\/es\/8-costa-del-sol-el-mejor-lugar\/","title":{"rendered":"8. Costa del Sol &#8211; El mejor lugar"},"content":{"rendered":"\n<div data-elementor-type=\"wp-page\" data-elementor-id=\"14697\" class=\"elementor elementor-14697 elementor-1620\" data-elementor-post-type=\"page\">\n<div class=\"elementor-element elementor-element-2bb7c048 e-con-full e-flex e-con e-parent\" data-id=\"2bb7c048\" data-element_type=\"container\" data-e-type=\"container\" data-settings=\"{&quot;background_background&quot;:&quot;classic&quot;,&quot;ekit_has_onepagescroll_dot&quot;:&quot;yes&quot;}\">\n<div class=\"elementor-element elementor-element-7e1d461b elementor--h-position-left elementor--v-position-middle elementor-arrows-position-inside elementor-pagination-position-inside elementor-widget elementor-widget-slides\" data-id=\"7e1d461b\" data-element_type=\"widget\" data-e-type=\"widget\" data-settings=\"{&quot;navigation&quot;:&quot;both&quot;,&quot;autoplay&quot;:&quot;yes&quot;,&quot;pause_on_hover&quot;:&quot;yes&quot;,&quot;pause_on_interaction&quot;:&quot;yes&quot;,&quot;autoplay_speed&quot;:5000,&quot;infinite&quot;:&quot;yes&quot;,&quot;transition&quot;:&quot;slide&quot;,&quot;transition_speed&quot;:500,&quot;ekit_we_effect_on&quot;:&quot;none&quot;}\" data-widget_type=\"slides.default\">\n<div class=\"elementor-slides-wrapper elementor-main-swiper swiper\" role=\"region\" aria-roledescription=\"carousel\" aria-label=\"Slides\" dir=\"ltr\" data-animation=\"fadeInUp\">\n<div class=\"swiper-wrapper elementor-slides\">\n<div class=\"elementor-repeater-item-d8bf049 swiper-slide\" role=\"group\" aria-roledescription=\"slide\">\n<div class=\"swiper-slide-bg elementor-ken-burns elementor-ken-burns--in\" role=\"img\" aria-label=\"Valle Romano Golf &amp; Resort - Estepona Costa del Sol\"><\/div>\n<div class=\"elementor-background-overlay\"><\/div>\n<div class=\"swiper-slide-inner\" >\n<div class=\"swiper-slide-contents\">\n<h2 class=\"elementor-slide-heading\">Costa<br \/>  del Sol<\/h2>\n<\/div>\n<\/div>\n<\/div><\/div>\n<\/p><\/div>\n<\/p><\/div>\n<\/p><\/div>\n<div class=\"elementor-element elementor-element-47d8846a e-flex e-con-boxed e-con e-parent\" data-id=\"47d8846a\" data-element_type=\"container\" data-e-type=\"container\" data-settings=\"{&quot;ekit_has_onepagescroll_dot&quot;:&quot;yes&quot;}\">\n<div class=\"e-con-inner\">\n<div class=\"elementor-element elementor-element-74248231 e-con-full e-flex e-con e-child\" data-id=\"74248231\" data-element_type=\"container\" data-e-type=\"container\" data-settings=\"{&quot;ekit_has_onepagescroll_dot&quot;:&quot;yes&quot;}\">\n<div class=\"elementor-element elementor-element-1b74ab9c elementor-widget elementor-widget-heading\" data-id=\"1b74ab9c\" data-element_type=\"widget\" data-e-type=\"widget\" data-settings=\"{&quot;ekit_we_effect_on&quot;:&quot;none&quot;}\" data-widget_type=\"heading.default\">\n<h2 class=\"elementor-heading-title elementor-size-default\">Costa del Sol<\/h2>\n<\/p><\/div>\n<div class=\"elementor-element elementor-element-207a3f08 elementor-widget elementor-widget-text-editor\" data-id=\"207a3f08\" data-element_type=\"widget\" data-e-type=\"widget\" data-settings=\"{&quot;ekit_we_effect_on&quot;:&quot;none&quot;}\" data-widget_type=\"text-editor.default\">\n<p><span style=\"vertical-align: inherit;\"><a href=\"https:\/\/valleromano.es\" target=\"_blank\" rel=\"noopener\">Valle Romano<\/a> est\u00e1 ubicado en uno de los principales destinos tur\u00edsticos del mundo: en el municipio de <\/span><b><span style=\"vertical-align: inherit;\">Estepona<\/span><\/b><span style=\"vertical-align: inherit;\">, en la plena <\/span><b><span style=\"vertical-align: inherit;\"><a href=\"https:\/\/www.visitcostadelsol.com\" target=\"_blank\" rel=\"noopener\">Costa del Sol,<\/a> en el sur de Espa\u00f1a<\/span><\/b><span style=\"vertical-align: inherit;\">. Estepona disfruta de un clima excepcional, con temperaturas medias en primavera de 21\u00ba C, verano de 25\u00ba C, oto\u00f1o de 16\u00ba C e invierno de 14\u00ba C. Este clima es ideal <\/span><b><span style=\"vertical-align: inherit;\">para la pr\u00e1ctica del golf durante todo el a\u00f1o<\/span><\/b><span style=\"vertical-align: inherit;\"> y por ello cuenta con la Mayor oferta de campos de golf de Europa. Se concentra en esta regi\u00f3n.<\/span><\/p>\n<p><span style=\"vertical-align: inherit;\">Adem\u00e1s, <\/span><b><span style=\"vertical-align: inherit;\">Valle Romano est\u00e1 cerca de grandes n\u00facleos de poblaci\u00f3n como Marbella, M\u00e1laga, Ronda, Sotogrande, Algeciras, Gibraltar y Sevilla.<\/span> <\/b><\/p>\n<\/p><\/div>\n<\/p><\/div>\n<div class=\"elementor-element elementor-element-40e2980b e-con-full e-flex e-con e-child\" data-id=\"40e2980b\" data-element_type=\"container\" data-e-type=\"container\" data-settings=\"{&quot;ekit_has_onepagescroll_dot&quot;:&quot;yes&quot;}\">\n<div class=\"elementor-element elementor-element-7bea5ae3 elementor-widget elementor-widget-image\" data-id=\"7bea5ae3\" data-element_type=\"widget\" data-e-type=\"widget\" data-settings=\"{&quot;ekit_we_effect_on&quot;:&quot;none&quot;}\" data-widget_type=\"image.default\">\n\t\t\t\t\t\t\t\t\t\t\t\t\t\t\t<img fetchpriority=\"high\" decoding=\"async\" width=\"1920\" height=\"1280\" src=\"https:\/\/valleromanogolf.com\/wp-content\/uploads\/2022\/07\/Valle-Romano-Golf-Resort-Estepona-Costa-del-Sol-1.jpg\" class=\"attachment-full size-full wp-image-1632\" alt=\"\" srcset=\"https:\/\/valleromanogolf.com\/wp-content\/uploads\/2022\/07\/Valle-Romano-Golf-Resort-Estepona-Costa-del-Sol-1.jpg 1920w, https:\/\/valleromanogolf.com\/wp-content\/uploads\/2022\/07\/Valle-Romano-Golf-Resort-Estepona-Costa-del-Sol-1-300x200.jpg 300w, https:\/\/valleromanogolf.com\/wp-content\/uploads\/2022\/07\/Valle-Romano-Golf-Resort-Estepona-Costa-del-Sol-1-1024x683.jpg 1024w, https:\/\/valleromanogolf.com\/wp-content\/uploads\/2022\/07\/Valle-Romano-Golf-Resort-Estepona-Costa-del-Sol-1-768x512.jpg 768w, https:\/\/valleromanogolf.com\/wp-content\/uploads\/2022\/07\/Valle-Romano-Golf-Resort-Estepona-Costa-del-Sol-1-1536x1024.jpg 1536w\" sizes=\"(max-width: 1920px) 100vw, 1920px\" \/>\t\t\t\t\t\t\t\t\t\t\t\t\t\t\t<\/div>\n<\/p><\/div>\n<\/p><\/div>\n<\/p><\/div>\n<section class=\"elementor-section elementor-top-section elementor-element elementor-element-54cb4abf elementor-section-full_width elementor-section-stretched elementor-section-height-default elementor-section-height-default\" data-id=\"54cb4abf\" data-element_type=\"section\" data-e-type=\"section\" data-settings=\"{&quot;stretch_section&quot;:&quot;section-stretched&quot;,&quot;ekit_has_onepagescroll_dot&quot;:&quot;yes&quot;}\">\n<div class=\"elementor-container elementor-column-gap-default\">\n<div class=\"elementor-column elementor-col-100 elementor-top-column elementor-element elementor-element-4404d8b6\" data-id=\"4404d8b6\" data-element_type=\"column\" data-e-type=\"column\">\n<div class=\"elementor-widget-wrap elementor-element-populated\">\n<section class=\"elementor-section elementor-inner-section elementor-element elementor-element-2d4bffb3 elementor-section-boxed elementor-section-height-default elementor-section-height-default\" data-id=\"2d4bffb3\" data-element_type=\"section\" data-e-type=\"section\" data-settings=\"{&quot;ekit_has_onepagescroll_dot&quot;:&quot;yes&quot;}\">\n<div class=\"elementor-container elementor-column-gap-default\">\n<div class=\"elementor-column elementor-col-100 elementor-inner-column elementor-element elementor-element-5e4b51ca\" data-id=\"5e4b51ca\" data-element_type=\"column\" data-e-type=\"column\">\n<div class=\"elementor-widget-wrap elementor-element-populated\">\n<div class=\"elementor-element elementor-element-7b32004b elementor-widget elementor-widget-growhub_message_box\" data-id=\"7b32004b\" data-element_type=\"widget\" data-e-type=\"widget\" data-settings=\"{&quot;ekit_we_effect_on&quot;:&quot;none&quot;}\" data-widget_type=\"growhub_message_box.default\">\n<div class=\"elementor-widget-container\">\n<div class=\"growhub-message-wrapper\">\n<div class=\"no-container\">\n<div class=\"growhub-message-boxs\" style=\"background-image:url( https:\/\/valleromanogolf.com\/wp-content\/uploads\/2022\/07\/Turismo-Valle-Romano-Golf-Resort-Estepona-Costa-del-Sol.jpeg )\">\n<div class=\"growhub-message-box\">\n<div class=\"growhub-message-box-inner\">\n<h2 class=\"growhub-message animated-text-v2\">\n                                    Estepona es un municipio y ciudad espa\u00f1ola en la provincia de M\u00e1laga, Andaluc\u00eda. Est\u00e1 situada en la parte suroeste de la provincia y se integra en la regi\u00f3n de la Costa del Sol Occidental, dentro de la asociaci\u00f3n de municipios del mismo nombre.\u00a0Su t\u00e9rmino municipal tiene una superficie de 137.5 km\u00b2 que se extiende a lo largo de 23 km de costa y se adentra hacia el interior, abarcando un valle f\u00e9rtil atravesado por arroyos y una zona monta\u00f1osa dominada por la Sierra Bermeja, que alcanza los 1449 metros sobre el nivel del mar en el pico de Los Reales.                                <\/h2>\n<\/p><\/div>\n<\/p><\/div>\n<\/p><\/div>\n<\/p><\/div>\n<\/p><\/div>\n<\/p><\/div>\n<\/p><\/div>\n<\/p><\/div>\n<\/p><\/div>\n<\/p><\/div>\n<\/section><\/div>\n<\/p><\/div>\n<\/p><\/div>\n<\/section>\n<div class=\"elementor-element elementor-element-4ed4151b e-flex e-con-boxed e-con e-parent\" data-id=\"4ed4151b\" data-element_type=\"container\" data-e-type=\"container\" data-settings=\"{&quot;ekit_has_onepagescroll_dot&quot;:&quot;yes&quot;}\">\n<div class=\"e-con-inner\">\n<div class=\"elementor-element elementor-element-165394e9 e-con-full e-flex e-con e-child\" data-id=\"165394e9\" data-element_type=\"container\" data-e-type=\"container\" data-settings=\"{&quot;ekit_has_onepagescroll_dot&quot;:&quot;yes&quot;}\">\n<div class=\"elementor-element elementor-element-10b629e elementor-widget elementor-widget-image\" data-id=\"10b629e\" data-element_type=\"widget\" data-e-type=\"widget\" data-settings=\"{&quot;ekit_we_effect_on&quot;:&quot;none&quot;}\" data-widget_type=\"image.default\">\n\t\t\t\t\t\t\t\t\t\t\t\t\t\t\t\t<a href=\"https:\/\/valleromanogolf.com\/wp-content\/uploads\/2022\/07\/Valle-Romano-Golf-Resort-Estepona-Costa-del-Sol.jpeg\" data-elementor-open-lightbox=\"yes\" data-elementor-lightbox-title=\"Stairs to a town square in Estepona, Costa del Sol, Andalusia, Spain\" data-e-action-hash=\"#elementor-action%3Aaction%3Dlightbox%26settings%3DeyJpZCI6MTYzMCwidXJsIjoiaHR0cHM6XC9cL3ZhbGxlcm9tYW5vZ29sZi5jb21cL3dwLWNvbnRlbnRcL3VwbG9hZHNcLzIwMjJcLzA3XC9WYWxsZS1Sb21hbm8tR29sZi1SZXNvcnQtRXN0ZXBvbmEtQ29zdGEtZGVsLVNvbC5qcGVnIn0%3D\"><br \/>\n\t\t\t\t\t\t\t<img decoding=\"async\" width=\"683\" height=\"1024\" src=\"https:\/\/valleromanogolf.com\/wp-content\/uploads\/2022\/07\/Valle-Romano-Golf-Resort-Estepona-Costa-del-Sol-683x1024.jpeg\" class=\"attachment-large size-large wp-image-1630\" alt=\"\" srcset=\"https:\/\/valleromanogolf.com\/wp-content\/uploads\/2022\/07\/Valle-Romano-Golf-Resort-Estepona-Costa-del-Sol-683x1024.jpeg 683w, https:\/\/valleromanogolf.com\/wp-content\/uploads\/2022\/07\/Valle-Romano-Golf-Resort-Estepona-Costa-del-Sol-200x300.jpeg 200w, https:\/\/valleromanogolf.com\/wp-content\/uploads\/2022\/07\/Valle-Romano-Golf-Resort-Estepona-Costa-del-Sol-768x1152.jpeg 768w, https:\/\/valleromanogolf.com\/wp-content\/uploads\/2022\/07\/Valle-Romano-Golf-Resort-Estepona-Costa-del-Sol-1024x1536.jpeg 1024w, https:\/\/valleromanogolf.com\/wp-content\/uploads\/2022\/07\/Valle-Romano-Golf-Resort-Estepona-Costa-del-Sol.jpeg 1280w\" sizes=\"(max-width: 683px) 100vw, 683px\" \/>\t\t\t\t\t\t\t\t<\/a>\n\t\t\t\t\t\t\t\t\t\t\t\t\t\t\t<\/div>\n<\/p><\/div>\n<div class=\"elementor-element elementor-element-55628346 e-con-full e-flex e-con e-child\" data-id=\"55628346\" data-element_type=\"container\" data-e-type=\"container\" data-settings=\"{&quot;ekit_has_onepagescroll_dot&quot;:&quot;yes&quot;}\">\n<div class=\"elementor-element elementor-element-176dd859 elementor-widget elementor-widget-heading\" data-id=\"176dd859\" data-element_type=\"widget\" data-e-type=\"widget\" data-settings=\"{&quot;ekit_we_effect_on&quot;:&quot;none&quot;}\" data-widget_type=\"heading.default\">\n<h2 class=\"elementor-heading-title elementor-size-default\">Turismo<br \/>\nen Estepona<\/h2>\n<\/p><\/div>\n<div class=\"elementor-element elementor-element-12c66fe2 elementor-widget elementor-widget-text-editor\" data-id=\"12c66fe2\" data-element_type=\"widget\" data-e-type=\"widget\" data-settings=\"{&quot;ekit_we_effect_on&quot;:&quot;none&quot;}\" data-widget_type=\"text-editor.default\">\n<p>En sus 21 kil\u00f3metros de costa, Estepona cuenta con varias playas distinguidas con la Bandera Azul europea. Destacan las zonas del Paseo Mar\u00edtimo y el Puerto Deportivo, que los domingos alberga un mercado de productos t\u00edpicos y artesan\u00eda. En el centro se encuentra la playa de La Rada, ideal para darse un chapuz\u00f3n. Su encantador casco antiguo refleja la t\u00edpica imagen andaluza, con calles renovadas donde las casas de fachadas blancas est\u00e1n adornadas con macetas.<\/p>\n<p>La ciudad ofrece diversas rutas art\u00edsticas como la Ruta de los Murales, con m\u00e1s de 40 obras de arte, la Ruta de las Esculturas, con m\u00e1s de 30 piezas de diferentes artistas, y la Ruta de la Poes\u00eda, con obras en varios idiomas. Entre sus monumentos destacan la Torre del Reloj, la Iglesia de Los Remedios del siglo XVIII, y lo que fue el Castillo de San Luis. Tambi\u00e9n son dignos de visita la Necr\u00f3polis Megal\u00edtica de Corominas, la original plaza de toros, la Plaza de las Flores, la Casa del Aljibe (con el Museo Arqueol\u00f3gico), y el Parque Bot\u00e1nico y Orqu\u00eddea.<\/p>\n<p>En cuanto a la gastronom\u00eda, Estepona ofrece una amplia variedad que va desde la cocina tradicional mediterr\u00e1nea hasta propuestas innovadoras e internacionales. Especialidades recomendadas incluyen el pescado a la sal, el pescado frito estilo malague\u00f1o y las sardinas en espeto.<\/p>\n<\/p><\/div>\n<\/p><\/div>\n<\/p><\/div>\n<\/p><\/div>\n<div class=\"elementor-element elementor-element-76fe3765 e-flex e-con-boxed e-con e-parent\" data-id=\"76fe3765\" data-element_type=\"container\" data-e-type=\"container\" data-settings=\"{&quot;ekit_has_onepagescroll_dot&quot;:&quot;yes&quot;}\">\n<div class=\"e-con-inner\">\n\t\t\t\t\t<\/div>\n<\/p><\/div>\n<\/p><\/div>\n","protected":false},"excerpt":{"rendered":"<p>Costa del Sol Costa del Sol Valle Romano est\u00e1 ubicado en uno de los principales destinos tur\u00edsticos del mundo: en el municipio de Estepona, en la plena Costa del Sol, en el sur de Espa\u00f1a. Estepona disfruta de un clima excepcional, con temperaturas medias en primavera de 21\u00ba C, verano de 25\u00ba C, oto\u00f1o de [&hellip;]<\/p>\n","protected":false},"author":1,"featured_media":11986,"parent":0,"menu_order":0,"comment_status":"closed","ping_status":"closed","template":"","meta":{"footnotes":""},"class_list":["post-14697","page","type-page","status-publish","has-post-thumbnail","hentry"],"_links":{"self":[{"href":"https:\/\/valleromanogolf.com\/es\/wp-json\/wp\/v2\/pages\/14697","targetHints":{"allow":["GET"]}}],"collection":[{"href":"https:\/\/valleromanogolf.com\/es\/wp-json\/wp\/v2\/pages"}],"about":[{"href":"https:\/\/valleromanogolf.com\/es\/wp-json\/wp\/v2\/types\/page"}],"author":[{"embeddable":true,"href":"https:\/\/valleromanogolf.com\/es\/wp-json\/wp\/v2\/users\/1"}],"replies":[{"embeddable":true,"href":"https:\/\/valleromanogolf.com\/es\/wp-json\/wp\/v2\/comments?post=14697"}],"version-history":[{"count":16,"href":"https:\/\/valleromanogolf.com\/es\/wp-json\/wp\/v2\/pages\/14697\/revisions"}],"predecessor-version":[{"id":16688,"href":"https:\/\/valleromanogolf.com\/es\/wp-json\/wp\/v2\/pages\/14697\/revisions\/16688"}],"wp:featuredmedia":[{"embeddable":true,"href":"https:\/\/valleromanogolf.com\/es\/wp-json\/wp\/v2\/media\/11986"}],"wp:attachment":[{"href":"https:\/\/valleromanogolf.com\/es\/wp-json\/wp\/v2\/media?parent=14697"}],"curies":[{"name":"wp","href":"https:\/\/api.w.org\/{rel}","templated":true}]}}