{"id":14682,"date":"2022-07-17T10:18:30","date_gmt":"2022-07-17T10:18:30","guid":{"rendered":"https:\/\/valleromanogolf.com\/3-zona-de-practicas-en-el-mejor-golf-de-la-costa-del-sol\/"},"modified":"2025-04-07T09:19:52","modified_gmt":"2025-04-07T09:19:52","slug":"3-zona-de-practicas-en-el-mejor-golf-de-la-costa-del-sol","status":"publish","type":"page","link":"https:\/\/valleromanogolf.com\/es\/3-zona-de-practicas-en-el-mejor-golf-de-la-costa-del-sol\/","title":{"rendered":"3. Zona de pr\u00e1cticas en el mejor golf de la Costa del Sol"},"content":{"rendered":"\n<div data-elementor-type=\"wp-page\" data-elementor-id=\"14682\" class=\"elementor elementor-14682 elementor-858\" data-elementor-post-type=\"page\">\n<div class=\"elementor-element elementor-element-6fc3f7ae e-con-full e-flex e-con e-parent\" data-id=\"6fc3f7ae\" data-element_type=\"container\" data-e-type=\"container\" data-settings=\"{&quot;background_background&quot;:&quot;classic&quot;,&quot;ekit_has_onepagescroll_dot&quot;:&quot;yes&quot;}\">\n<div class=\"elementor-element elementor-element-64e90f2b elementor--h-position-left elementor--v-position-middle elementor-arrows-position-inside elementor-pagination-position-inside elementor-widget elementor-widget-slides\" data-id=\"64e90f2b\" data-element_type=\"widget\" data-e-type=\"widget\" data-settings=\"{&quot;navigation&quot;:&quot;both&quot;,&quot;autoplay&quot;:&quot;yes&quot;,&quot;pause_on_hover&quot;:&quot;yes&quot;,&quot;pause_on_interaction&quot;:&quot;yes&quot;,&quot;autoplay_speed&quot;:5000,&quot;infinite&quot;:&quot;yes&quot;,&quot;transition&quot;:&quot;slide&quot;,&quot;transition_speed&quot;:500,&quot;ekit_we_effect_on&quot;:&quot;none&quot;}\" data-widget_type=\"slides.default\">\n<div class=\"elementor-slides-wrapper elementor-main-swiper swiper\" role=\"region\" aria-roledescription=\"carousel\" aria-label=\"Slides\" dir=\"ltr\" data-animation=\"fadeInUp\">\n<div class=\"swiper-wrapper elementor-slides\">\n<div class=\"elementor-repeater-item-d8bf049 swiper-slide\" role=\"group\" aria-roledescription=\"slide\">\n<div class=\"swiper-slide-bg elementor-ken-burns elementor-ken-burns--in\" role=\"img\" aria-label=\"Practice Area Facilities\u200bValle Romano Golf &amp; Resort - Estepona Costa del Sol\"><\/div>\n<div class=\"elementor-background-overlay\"><\/div>\n<div class=\"swiper-slide-inner\" >\n<div class=\"swiper-slide-contents\">\n<h2 class=\"elementor-slide-heading\">Zona  de <br \/>  pr\u00e1cticas<\/h2>\n<\/div>\n<\/div>\n<\/div><\/div>\n<\/p><\/div>\n<\/p><\/div>\n<\/p><\/div>\n<div class=\"elementor-element elementor-element-3d6cef0a e-flex e-con-boxed e-con e-parent\" data-id=\"3d6cef0a\" data-element_type=\"container\" data-e-type=\"container\" data-settings=\"{&quot;ekit_has_onepagescroll_dot&quot;:&quot;yes&quot;}\">\n<div class=\"e-con-inner\">\n<div class=\"elementor-element elementor-element-5fcc1f3a e-con-full e-flex e-con e-child\" data-id=\"5fcc1f3a\" data-element_type=\"container\" data-e-type=\"container\" data-settings=\"{&quot;ekit_has_onepagescroll_dot&quot;:&quot;yes&quot;}\">\n<div class=\"elementor-element elementor-element-aebf9c5 elementor-widget elementor-widget-heading\" data-id=\"aebf9c5\" data-element_type=\"widget\" data-e-type=\"widget\" data-settings=\"{&quot;ekit_we_effect_on&quot;:&quot;none&quot;}\" data-widget_type=\"heading.default\">\n<h2 class=\"elementor-heading-title elementor-size-default\">Practica Golf en<br \/>\nCosta del Sol<\/h2>\n<\/p><\/div>\n<div class=\"elementor-element elementor-element-556c6932 elementor-widget elementor-widget-text-editor\" data-id=\"556c6932\" data-element_type=\"widget\" data-e-type=\"widget\" data-settings=\"{&quot;ekit_we_effect_on&quot;:&quot;none&quot;}\" data-widget_type=\"text-editor.default\">\n<p>El \u00e1rea de pr\u00e1ctica en Valle Romano no solo es el lugar perfecto para calentar antes de jugar, sino tambi\u00e9n para ayudar a hacer mejoras significativas en tu juego.<\/p>\n<p>Nuestras instalaciones de pr\u00e1ctica son vers\u00e1tiles y completas, abarcando todas las \u00e1reas del juego. Ampliamente consideradas entre las mejores de la zona y perfectamente dise\u00f1adas para adaptarse a todos, desde principiantes hasta jugadores de nivel \u00e9lite, asegurando que tu pr\u00e1ctica nunca sea una tarea tediosa.<\/p>\n<p>Si buscas practicar golf en la Costa del Sol, Valle Romano Golf &amp; Resort ofrece algunas de las mejores instalaciones y entornos pintorescos de la regi\u00f3n.<\/p>\n<\/p><\/div>\n<\/p><\/div>\n<div class=\"elementor-element elementor-element-773fbb95 e-con-full e-flex e-con e-child\" data-id=\"773fbb95\" data-element_type=\"container\" data-e-type=\"container\" data-settings=\"{&quot;ekit_has_onepagescroll_dot&quot;:&quot;yes&quot;}\">\n<div class=\"elementor-element elementor-element-64c05319 elementor-widget elementor-widget-image\" data-id=\"64c05319\" data-element_type=\"widget\" data-e-type=\"widget\" data-settings=\"{&quot;ekit_we_effect_on&quot;:&quot;none&quot;}\" data-widget_type=\"image.default\">\n\t\t\t\t\t\t\t\t\t\t\t\t\t\t\t<img fetchpriority=\"high\" decoding=\"async\" width=\"1920\" height=\"887\" src=\"https:\/\/valleromanogolf.com\/wp-content\/uploads\/2024\/06\/Practice-Area-Valle-Romano-Golf.webp\" class=\"attachment-full size-full wp-image-14578\" alt=\"\" srcset=\"https:\/\/valleromanogolf.com\/wp-content\/uploads\/2024\/06\/Practice-Area-Valle-Romano-Golf.webp 1920w, https:\/\/valleromanogolf.com\/wp-content\/uploads\/2024\/06\/Practice-Area-Valle-Romano-Golf-300x139.webp 300w, https:\/\/valleromanogolf.com\/wp-content\/uploads\/2024\/06\/Practice-Area-Valle-Romano-Golf-1024x473.webp 1024w, https:\/\/valleromanogolf.com\/wp-content\/uploads\/2024\/06\/Practice-Area-Valle-Romano-Golf-768x355.webp 768w, https:\/\/valleromanogolf.com\/wp-content\/uploads\/2024\/06\/Practice-Area-Valle-Romano-Golf-1536x710.webp 1536w\" sizes=\"(max-width: 1920px) 100vw, 1920px\" \/>\t\t\t\t\t\t\t\t\t\t\t\t\t\t\t<\/div>\n<\/p><\/div>\n<\/p><\/div>\n<\/p><\/div>\n<section class=\"elementor-section elementor-top-section elementor-element elementor-element-11dcbe66 elementor-section-full_width elementor-section-stretched elementor-section-height-default elementor-section-height-default\" data-id=\"11dcbe66\" data-element_type=\"section\" data-e-type=\"section\" data-settings=\"{&quot;stretch_section&quot;:&quot;section-stretched&quot;,&quot;ekit_has_onepagescroll_dot&quot;:&quot;yes&quot;}\">\n<div class=\"elementor-container elementor-column-gap-default\">\n<div class=\"elementor-column elementor-col-100 elementor-top-column elementor-element elementor-element-702c49f\" data-id=\"702c49f\" data-element_type=\"column\" data-e-type=\"column\">\n<div class=\"elementor-widget-wrap elementor-element-populated\">\n<section class=\"elementor-section elementor-inner-section elementor-element elementor-element-178357f5 elementor-section-boxed elementor-section-height-default elementor-section-height-default\" data-id=\"178357f5\" data-element_type=\"section\" data-e-type=\"section\" data-settings=\"{&quot;ekit_has_onepagescroll_dot&quot;:&quot;yes&quot;}\">\n<div class=\"elementor-container elementor-column-gap-default\">\n<div class=\"elementor-column elementor-col-100 elementor-inner-column elementor-element elementor-element-c4bea3\" data-id=\"c4bea3\" data-element_type=\"column\" data-e-type=\"column\">\n<div class=\"elementor-widget-wrap elementor-element-populated\">\n<div class=\"elementor-element elementor-element-70c2271c elementor-widget elementor-widget-growhub_message_box\" data-id=\"70c2271c\" data-element_type=\"widget\" data-e-type=\"widget\" data-settings=\"{&quot;ekit_we_effect_on&quot;:&quot;none&quot;}\" data-widget_type=\"growhub_message_box.default\">\n<div class=\"elementor-widget-container\">\n<div class=\"growhub-message-wrapper\">\n<div class=\"no-container\">\n<div class=\"growhub-message-boxs\" style=\"background-image:url(  )\">\n<div class=\"growhub-message-box\">\n<div class=\"growhub-message-box-inner\">\n<h2 class=\"growhub-message animated-text-v2\">\n                                    <span style=\"color: #ffffff\">El lugar perfecto para trabajar en tu swing en cualquier momento. Nuestro campo de pr\u00e1cticas tiene 10 puestos cubiertos y 10 puestos adicionales. Creemos que las alfombras y las bolas de alta calidad son esenciales. El campo de pr\u00e1cticas se puede acceder fuera del horario de apertura de la recepci\u00f3n.<\/span><br \/>\n<span style=\"color: #ffffff\">Muchos golfistas sue\u00f1an con la oportunidad de practicar golf en la Costa del Sol, una regi\u00f3n conocida por su hermoso clima y campos de golf de clase mundial.<\/span>                                <\/h2>\n<\/p><\/div>\n<\/p><\/div>\n<\/p><\/div>\n<\/p><\/div>\n<\/p><\/div>\n<\/p><\/div>\n<\/p><\/div>\n<\/p><\/div>\n<\/p><\/div>\n<\/p><\/div>\n<\/section><\/div>\n<\/p><\/div>\n<\/p><\/div>\n<\/section>\n<div class=\"elementor-element elementor-element-454baa6d e-flex e-con-boxed e-con e-parent\" data-id=\"454baa6d\" data-element_type=\"container\" data-e-type=\"container\" data-settings=\"{&quot;ekit_has_onepagescroll_dot&quot;:&quot;yes&quot;}\">\n<div class=\"e-con-inner\">\n<div class=\"elementor-element elementor-element-238b55d4 e-con-full e-flex e-con e-child\" data-id=\"238b55d4\" data-element_type=\"container\" data-e-type=\"container\" data-settings=\"{&quot;ekit_has_onepagescroll_dot&quot;:&quot;yes&quot;}\">\n<div class=\"elementor-element elementor-element-52eb1892 elementor-widget elementor-widget-image\" data-id=\"52eb1892\" data-element_type=\"widget\" data-e-type=\"widget\" data-settings=\"{&quot;ekit_we_effect_on&quot;:&quot;none&quot;}\" data-widget_type=\"image.default\">\n\t\t\t\t\t\t\t\t\t\t\t\t\t\t\t<img decoding=\"async\" src=\"https:\/\/valleromanogolf.com\/wp-content\/uploads\/2023\/09\/Valle-Romano-Golf-Resort-Estepona-Costa-del-Sol-00-scaled-1.jpg\" title=\"\" alt=\"\" loading=\"lazy\" \/>\t\t\t\t\t\t\t\t\t\t\t\t\t\t\t<\/div>\n<\/p><\/div>\n<div class=\"elementor-element elementor-element-3efce713 e-con-full e-flex e-con e-child\" data-id=\"3efce713\" data-element_type=\"container\" data-e-type=\"container\" data-settings=\"{&quot;ekit_has_onepagescroll_dot&quot;:&quot;yes&quot;}\">\n<div class=\"elementor-element elementor-element-63e6fa13 elementor-widget elementor-widget-heading\" data-id=\"63e6fa13\" data-element_type=\"widget\" data-e-type=\"widget\" data-settings=\"{&quot;ekit_we_effect_on&quot;:&quot;none&quot;}\" data-widget_type=\"heading.default\">\n<h2 class=\"elementor-heading-title elementor-size-default\">Chipping &amp;<br \/>\nPutting Green<\/h2>\n<\/p><\/div>\n<div class=\"elementor-element elementor-element-a256602 elementor-widget elementor-widget-text-editor\" data-id=\"a256602\" data-element_type=\"widget\" data-e-type=\"widget\" data-settings=\"{&quot;ekit_we_effect_on&quot;:&quot;none&quot;}\" data-widget_type=\"text-editor.default\">\n<p><strong>Chipping Green.<\/strong> \u00c1rea de entrenamiento para el juego corto, contamos con un b\u00fanker para perfeccionar este tipo de golpe.<\/p>\n<p><strong>Putting Green.<\/strong> Tenemos un amplio putting green de 600 metros cuadrados para la pr\u00e1ctica del putt. Este es el lugar para trabajar en una variedad de putts (cuesta arriba, cuesta abajo, en pendiente) para ayudar a mejorar tu juego, ya que imita lo que encontrar\u00e1s en el campo de golf. Antes de un juego, o en cualquier momento, los miembros pueden practicar en el putting green para ayudarles a juzgar la velocidad de los greens y trabajar en su t\u00e9cnica de putt.<\/p>\n<p>Tambi\u00e9n se pueden organizar clases con un profesional del golf en el putting green. El putting green est\u00e1 abierto desde el amanecer hasta el anochecer durante todo el a\u00f1o.<\/p>\n<\/p><\/div>\n<\/p><\/div>\n<\/p><\/div>\n<\/p><\/div>\n<\/p><\/div>\n","protected":false},"excerpt":{"rendered":"<p>Zona de pr\u00e1cticas Practica Golf en Costa del Sol El \u00e1rea de pr\u00e1ctica en Valle Romano no solo es el lugar perfecto para calentar antes de jugar, sino tambi\u00e9n para ayudar a hacer mejoras significativas en tu juego. Nuestras instalaciones de pr\u00e1ctica son vers\u00e1tiles y completas, abarcando todas las \u00e1reas del juego. Ampliamente consideradas entre [&hellip;]<\/p>\n","protected":false},"author":1,"featured_media":10731,"parent":0,"menu_order":0,"comment_status":"closed","ping_status":"closed","template":"","meta":{"footnotes":""},"class_list":["post-14682","page","type-page","status-publish","has-post-thumbnail","hentry"],"_links":{"self":[{"href":"https:\/\/valleromanogolf.com\/es\/wp-json\/wp\/v2\/pages\/14682","targetHints":{"allow":["GET"]}}],"collection":[{"href":"https:\/\/valleromanogolf.com\/es\/wp-json\/wp\/v2\/pages"}],"about":[{"href":"https:\/\/valleromanogolf.com\/es\/wp-json\/wp\/v2\/types\/page"}],"author":[{"embeddable":true,"href":"https:\/\/valleromanogolf.com\/es\/wp-json\/wp\/v2\/users\/1"}],"replies":[{"embeddable":true,"href":"https:\/\/valleromanogolf.com\/es\/wp-json\/wp\/v2\/comments?post=14682"}],"version-history":[{"count":16,"href":"https:\/\/valleromanogolf.com\/es\/wp-json\/wp\/v2\/pages\/14682\/revisions"}],"predecessor-version":[{"id":16233,"href":"https:\/\/valleromanogolf.com\/es\/wp-json\/wp\/v2\/pages\/14682\/revisions\/16233"}],"wp:featuredmedia":[{"embeddable":true,"href":"https:\/\/valleromanogolf.com\/es\/wp-json\/wp\/v2\/media\/10731"}],"wp:attachment":[{"href":"https:\/\/valleromanogolf.com\/es\/wp-json\/wp\/v2\/media?parent=14682"}],"curies":[{"name":"wp","href":"https:\/\/api.w.org\/{rel}","templated":true}]}}