{"id":14681,"date":"2022-07-17T14:19:24","date_gmt":"2022-07-17T14:19:24","guid":{"rendered":"https:\/\/valleromanogolf.com\/16-eventos-columela\/"},"modified":"2025-04-21T08:50:12","modified_gmt":"2025-04-21T08:50:12","slug":"16-eventos-columela","status":"publish","type":"page","link":"https:\/\/valleromanogolf.com\/es\/16-eventos-columela\/","title":{"rendered":"16. Eventos Columela"},"content":{"rendered":"\n<div data-elementor-type=\"wp-page\" data-elementor-id=\"14681\" class=\"elementor elementor-14681 elementor-1071\" data-elementor-post-type=\"page\">\n<div class=\"elementor-element elementor-element-3ba741e0 e-con-full e-flex e-con e-parent\" data-id=\"3ba741e0\" data-element_type=\"container\" data-e-type=\"container\" data-settings=\"{&quot;background_background&quot;:&quot;classic&quot;,&quot;ekit_has_onepagescroll_dot&quot;:&quot;yes&quot;}\">\n<div class=\"elementor-element elementor-element-11bfe41e elementor--h-position-left elementor--v-position-middle elementor-arrows-position-inside elementor-pagination-position-inside elementor-widget elementor-widget-slides\" data-id=\"11bfe41e\" data-element_type=\"widget\" data-e-type=\"widget\" data-settings=\"{&quot;navigation&quot;:&quot;both&quot;,&quot;autoplay&quot;:&quot;yes&quot;,&quot;pause_on_hover&quot;:&quot;yes&quot;,&quot;pause_on_interaction&quot;:&quot;yes&quot;,&quot;autoplay_speed&quot;:5000,&quot;infinite&quot;:&quot;yes&quot;,&quot;transition&quot;:&quot;slide&quot;,&quot;transition_speed&quot;:500,&quot;ekit_we_effect_on&quot;:&quot;none&quot;}\" data-widget_type=\"slides.default\">\n<div class=\"elementor-slides-wrapper elementor-main-swiper swiper\" role=\"region\" aria-roledescription=\"carousel\" aria-label=\"Slides\" dir=\"ltr\" data-animation=\"fadeInUp\">\n<div class=\"swiper-wrapper elementor-slides\">\n<div class=\"elementor-repeater-item-d8bf049 swiper-slide\" role=\"group\" aria-roledescription=\"slide\">\n<div class=\"swiper-slide-bg elementor-ken-burns elementor-ken-burns--in\" role=\"img\" aria-label=\"Valle Romano julio 2023_-78\"><\/div>\n<div class=\"elementor-background-overlay\"><\/div>\n<div class=\"swiper-slide-inner\" >\n<div class=\"swiper-slide-contents\">\n<h2 class=\"elementor-slide-heading\">Bienvenido a<br \/>Columela Eventos<\/h2>\n<\/div>\n<\/div>\n<\/div><\/div>\n<\/p><\/div>\n<\/p><\/div>\n<\/p><\/div>\n<div class=\"elementor-element elementor-element-8580dc4 e-flex e-con-boxed e-con e-parent\" data-id=\"8580dc4\" data-element_type=\"container\" data-e-type=\"container\" data-settings=\"{&quot;ekit_has_onepagescroll_dot&quot;:&quot;yes&quot;}\">\n<div class=\"e-con-inner\">\n<div class=\"elementor-element elementor-element-4f1c86b9 e-con-full e-flex e-con e-child\" data-id=\"4f1c86b9\" data-element_type=\"container\" data-e-type=\"container\" data-settings=\"{&quot;ekit_has_onepagescroll_dot&quot;:&quot;yes&quot;}\">\n<div class=\"elementor-element elementor-element-3ffdea11 elementor-widget elementor-widget-heading\" data-id=\"3ffdea11\" data-element_type=\"widget\" data-e-type=\"widget\" data-settings=\"{&quot;ekit_we_effect_on&quot;:&quot;none&quot;}\" data-widget_type=\"heading.default\">\n<h2 class=\"elementor-heading-title elementor-size-default\">Bienvenidos<br \/>\na Columela<\/h2>\n<\/p><\/div>\n<div class=\"elementor-element elementor-element-6381257a elementor-widget elementor-widget-text-editor\" data-id=\"6381257a\" data-element_type=\"widget\" data-e-type=\"widget\" data-settings=\"{&quot;ekit_we_effect_on&quot;:&quot;none&quot;}\" data-widget_type=\"text-editor.default\">\n<p>Adem\u00e1s, contamos con un horno de le\u00f1a y una preparaci\u00f3n artesanal completa que ayuda a ofrecer una comida m\u00e1s saludable a <strong>cualquiera que desee disfrutar de este concepto de restaurante org\u00e1nico en Valle Romano Golf &amp; Resort.<\/strong> No es solo un restaurante. <span style=\"color: #000000;\"><a style=\"color: #000000;\" href=\"https:\/\/columelavalleromanogolf.es\">COLUMELA<\/a><\/span> es un espacio que alberga miles de eventos corporativos y familiares, incluyendo un programa inclusivo de formaci\u00f3n gastron\u00f3mica y cultural.<\/p>\n<\/p><\/div>\n<div class=\"elementor-element elementor-element-5eeb239 elementor-icon-list--layout-traditional elementor-list-item-link-full_width elementor-widget elementor-widget-icon-list\" data-id=\"5eeb239\" data-element_type=\"widget\" data-e-type=\"widget\" data-settings=\"{&quot;ekit_we_effect_on&quot;:&quot;none&quot;}\" data-widget_type=\"icon-list.default\">\n<ul class=\"elementor-icon-list-items\">\n<li class=\"elementor-icon-list-item\">\n\t\t\t\t\t\t\t\t\t\t\t<span class=\"elementor-icon-list-icon\"><br \/>\n\t\t\t\t\t\t\t<svg aria-hidden=\"true\" class=\"e-font-icon-svg e-fas-check\" viewBox=\"0 0 512 512\" xmlns=\"http:\/\/www.w3.org\/2000\/svg\"><path d=\"M173.898 439.404l-166.4-166.4c-9.997-9.997-9.997-26.206 0-36.204l36.203-36.204c9.997-9.998 26.207-9.998 36.204 0L192 312.69 432.095 72.596c9.997-9.997 26.207-9.997 36.204 0l36.203 36.204c9.997 9.997 9.997 26.206 0 36.204l-294.4 294.401c-9.998 9.997-26.207 9.997-36.204-.001z\"><\/path><\/svg>\t\t\t\t\t\t<\/span><br \/>\n\t\t\t\t\t\t\t\t\t\t<span class=\"elementor-icon-list-text\">Restaurante - 8:00 am \u2013 8:00 pm<\/span>\n\t\t\t\t\t\t\t\t\t<\/li>\n<\/ul><\/div>\n<\/p><\/div>\n<div class=\"elementor-element elementor-element-65ed4f66 e-con-full e-flex e-con e-child\" data-id=\"65ed4f66\" data-element_type=\"container\" data-e-type=\"container\" data-settings=\"{&quot;ekit_has_onepagescroll_dot&quot;:&quot;yes&quot;}\">\n<div class=\"elementor-element elementor-element-7dd056ed elementor-widget elementor-widget-image\" data-id=\"7dd056ed\" data-element_type=\"widget\" data-e-type=\"widget\" data-settings=\"{&quot;ekit_we_effect_on&quot;:&quot;none&quot;}\" data-widget_type=\"image.default\">\n\t\t\t\t\t\t\t\t\t\t\t\t\t\t\t<img decoding=\"async\" src=\"https:\/\/valleromanogolf.com\/wp-content\/uploads\/2023\/08\/Valle-Romano-julio-2023_-67.webp\" title=\"\" alt=\"\" loading=\"lazy\" \/>\t\t\t\t\t\t\t\t\t\t\t\t\t\t\t<\/div>\n<\/p><\/div>\n<\/p><\/div>\n<\/p><\/div>\n<section class=\"elementor-section elementor-top-section elementor-element elementor-element-3e966ef elementor-section-boxed elementor-section-height-default elementor-section-height-default\" data-id=\"3e966ef\" data-element_type=\"section\" data-e-type=\"section\" data-settings=\"{&quot;ekit_has_onepagescroll_dot&quot;:&quot;yes&quot;}\">\n<div class=\"elementor-container elementor-column-gap-default\">\n<div class=\"elementor-column elementor-col-100 elementor-top-column elementor-element elementor-element-49e825b\" data-id=\"49e825b\" data-element_type=\"column\" data-e-type=\"column\">\n<div class=\"elementor-widget-wrap elementor-element-populated\">\n<section class=\"elementor-section elementor-inner-section elementor-element elementor-element-9ea8dc3 elementor-section-boxed elementor-section-height-default elementor-section-height-default\" data-id=\"9ea8dc3\" data-element_type=\"section\" data-e-type=\"section\" data-settings=\"{&quot;ekit_has_onepagescroll_dot&quot;:&quot;yes&quot;}\">\n<div class=\"elementor-container elementor-column-gap-default\">\n<div class=\"elementor-column elementor-col-100 elementor-inner-column elementor-element elementor-element-3796a1a\" data-id=\"3796a1a\" data-element_type=\"column\" data-e-type=\"column\">\n<div class=\"elementor-widget-wrap elementor-element-populated\">\n<div class=\"elementor-element elementor-element-8fc9580 elementor-widget elementor-widget-growhub_message_box\" data-id=\"8fc9580\" data-element_type=\"widget\" data-e-type=\"widget\" data-settings=\"{&quot;ekit_we_effect_on&quot;:&quot;none&quot;}\" data-widget_type=\"growhub_message_box.default\">\n<div class=\"elementor-widget-container\">\n<div class=\"growhub-message-wrapper\">\n<div class=\"no-container\">\n<div class=\"growhub-message-boxs\" style=\"background-image:url( https:\/\/valleromanogolf.com\/wp-content\/uploads\/2022\/06\/Columela-Club-de-Golf-Valle-Romano-Golf-Resort-Estepona-1.jpg )\">\n<div class=\"growhub-message-box\">\n<div class=\"growhub-message-box-inner\">\n<h2 class=\"growhub-message animated-text-v2\">\n                                    En Columela, tenemos un compromiso social y ambiental, creando platos de alta calidad enfocados en el cuidado de la salud y el respeto al medio ambiente.\u00a0COLUMELA naci\u00f3 con un men\u00fa org\u00e1nico de productos KM0, es decir, productos locales de alta calidad. Contamos con un men\u00fa que incluye productos KM0, que resultan ser de temporada y locales, promoviendo una gran sostenibilidad, sin pl\u00e1sticos y cero residuos.                                <\/h2>\n<\/p><\/div>\n<\/p><\/div>\n<\/p><\/div>\n<\/p><\/div>\n<\/p><\/div>\n<\/p><\/div>\n<\/p><\/div>\n<\/p><\/div>\n<\/p><\/div>\n<\/p><\/div>\n<\/section><\/div>\n<\/p><\/div>\n<\/p><\/div>\n<\/section>\n<div class=\"elementor-element elementor-element-ace3ff7 e-flex e-con-boxed e-con e-parent\" data-id=\"ace3ff7\" data-element_type=\"container\" data-e-type=\"container\" data-settings=\"{&quot;ekit_has_onepagescroll_dot&quot;:&quot;yes&quot;}\">\n<div class=\"e-con-inner\">\n<div class=\"elementor-element elementor-element-50b2dec1 e-con-full e-flex e-con e-child\" data-id=\"50b2dec1\" data-element_type=\"container\" data-e-type=\"container\" data-settings=\"{&quot;ekit_has_onepagescroll_dot&quot;:&quot;yes&quot;}\">\n<div class=\"elementor-element elementor-element-12463cb1 elementor-widget elementor-widget-image\" data-id=\"12463cb1\" data-element_type=\"widget\" data-e-type=\"widget\" data-settings=\"{&quot;ekit_we_effect_on&quot;:&quot;none&quot;}\" data-widget_type=\"image.default\">\n\t\t\t\t\t\t\t\t\t\t\t\t\t\t\t<img fetchpriority=\"high\" decoding=\"async\" width=\"620\" height=\"874\" src=\"https:\/\/valleromanogolf.com\/wp-content\/uploads\/2022\/07\/Columela-restaurant-Valle-Romano-Golf-Resort-Estepona-Costa-del-Sol-1.jpg\" class=\"attachment-full size-full wp-image-1075\" alt=\"\" srcset=\"https:\/\/valleromanogolf.com\/wp-content\/uploads\/2022\/07\/Columela-restaurant-Valle-Romano-Golf-Resort-Estepona-Costa-del-Sol-1.jpg 620w, https:\/\/valleromanogolf.com\/wp-content\/uploads\/2022\/07\/Columela-restaurant-Valle-Romano-Golf-Resort-Estepona-Costa-del-Sol-1-213x300.jpg 213w\" sizes=\"(max-width: 620px) 100vw, 620px\" \/>\t\t\t\t\t\t\t\t\t\t\t\t\t\t\t<\/div>\n<\/p><\/div>\n<div class=\"elementor-element elementor-element-747c95f8 e-con-full e-flex e-con e-child\" data-id=\"747c95f8\" data-element_type=\"container\" data-e-type=\"container\" data-settings=\"{&quot;ekit_has_onepagescroll_dot&quot;:&quot;yes&quot;}\">\n<div class=\"elementor-element elementor-element-ff2873a elementor-widget elementor-widget-heading\" data-id=\"ff2873a\" data-element_type=\"widget\" data-e-type=\"widget\" data-settings=\"{&quot;ekit_we_effect_on&quot;:&quot;none&quot;}\" data-widget_type=\"heading.default\">\n<h2 class=\"elementor-heading-title elementor-size-default\">Espacio Columela<\/h2>\n<\/p><\/div>\n<div class=\"elementor-element elementor-element-1d3ff643 elementor-widget elementor-widget-text-editor\" data-id=\"1d3ff643\" data-element_type=\"widget\" data-e-type=\"widget\" data-settings=\"{&quot;ekit_we_effect_on&quot;:&quot;none&quot;}\" data-widget_type=\"text-editor.default\">\n<p>Jugadores de golf de Valle Romano, miembros de sus familias, p\u00fablico en general en eventos, etc. Todos est\u00e1n invitados a descubrir el nuevo concepto de COLUMELA en Valle Romano. Desde su creaci\u00f3n en 2010, el deseo de Valle Romano de satisfacer las necesidades de los jugadores de golf y de aquellos interesados en participar en eventos no ha dejado de crecer. Campo de golf de 18 hoyos, tienda de golf, escuela de golf, m\u00faltiples actividades y eventos, Club House, y ahora tambi\u00e9n la incorporaci\u00f3n de COLUMELA.<\/p>\n<p>\u00bfQu\u00e9 servicios podemos ofrecer?<\/p>\n<ul>\n<li>Restaurante<\/li>\n<li>Eventos corporativos y familiares<\/li>\n<li>Estudios gastron\u00f3micos<\/li>\n<\/ul><\/div>\n<\/p><\/div>\n<\/p><\/div>\n<\/p><\/div>\n<section class=\"elementor-section elementor-top-section elementor-element elementor-element-241458a5 elementor-section-full_width elementor-section-height-default elementor-section-height-default\" data-id=\"241458a5\" data-element_type=\"section\" data-e-type=\"section\" data-settings=\"{&quot;ekit_has_onepagescroll_dot&quot;:&quot;yes&quot;}\">\n<div class=\"elementor-container elementor-column-gap-no\">\n<div class=\"elementor-column elementor-col-100 elementor-top-column elementor-element elementor-element-31af8d5b\" data-id=\"31af8d5b\" data-element_type=\"column\" data-e-type=\"column\">\n<div class=\"elementor-widget-wrap\">\n\t\t\t\t\t\t\t<\/div>\n<\/p><\/div>\n<\/p><\/div>\n<\/section><\/div>\n","protected":false},"excerpt":{"rendered":"<p>Bienvenido aColumela Eventos Bienvenidos a Columela Adem\u00e1s, contamos con un horno de le\u00f1a y una preparaci\u00f3n artesanal completa que ayuda a ofrecer una comida m\u00e1s saludable a cualquiera que desee disfrutar de este concepto de restaurante org\u00e1nico en Valle Romano Golf &amp; Resort. No es solo un restaurante. COLUMELA es un espacio que alberga miles [&hellip;]<\/p>\n","protected":false},"author":1,"featured_media":11770,"parent":0,"menu_order":0,"comment_status":"closed","ping_status":"closed","template":"","meta":{"footnotes":""},"class_list":["post-14681","page","type-page","status-publish","has-post-thumbnail","hentry"],"_links":{"self":[{"href":"https:\/\/valleromanogolf.com\/es\/wp-json\/wp\/v2\/pages\/14681","targetHints":{"allow":["GET"]}}],"collection":[{"href":"https:\/\/valleromanogolf.com\/es\/wp-json\/wp\/v2\/pages"}],"about":[{"href":"https:\/\/valleromanogolf.com\/es\/wp-json\/wp\/v2\/types\/page"}],"author":[{"embeddable":true,"href":"https:\/\/valleromanogolf.com\/es\/wp-json\/wp\/v2\/users\/1"}],"replies":[{"embeddable":true,"href":"https:\/\/valleromanogolf.com\/es\/wp-json\/wp\/v2\/comments?post=14681"}],"version-history":[{"count":22,"href":"https:\/\/valleromanogolf.com\/es\/wp-json\/wp\/v2\/pages\/14681\/revisions"}],"predecessor-version":[{"id":16681,"href":"https:\/\/valleromanogolf.com\/es\/wp-json\/wp\/v2\/pages\/14681\/revisions\/16681"}],"wp:featuredmedia":[{"embeddable":true,"href":"https:\/\/valleromanogolf.com\/es\/wp-json\/wp\/v2\/media\/11770"}],"wp:attachment":[{"href":"https:\/\/valleromanogolf.com\/es\/wp-json\/wp\/v2\/media?parent=14681"}],"curies":[{"name":"wp","href":"https:\/\/api.w.org\/{rel}","templated":true}]}}